{"id":40,"date":"2021-11-18T21:49:33","date_gmt":"2021-11-18T21:49:33","guid":{"rendered":"https:\/\/driver.wordifysites.com\/?page_id=40"},"modified":"2025-11-14T19:28:45","modified_gmt":"2025-11-14T19:28:45","slug":"faq-transport-touristique-au-maroc","status":"publish","type":"page","link":"https:\/\/goldengatetoursmorocco.com\/en\/faq-transport-touristique-au-maroc\/","title":{"rendered":"FAQ"},"content":{"rendered":"<section class=\"gb-element-c89fc194\">\n<p class=\"gb-text gb-text-65f54a83\">FAQ<\/p>\n\n\n\n<h2 class=\"gb-text gb-text-01b993c8\">Les r\u00e9ponses \u00e0 vos questions les plus fr\u00e9quentes<\/h2>\n\n\n\n<div class=\"gb-element-bd1b280c\">\n<div class=\"gb-element-445e047c\">\n<h3 class=\"gb-text-fdb6210d\"><span class=\"gb-shape\"><svg viewbox=\"0 0 512 512\" xmlns=\"http:\/\/www.w3.org\/2000\/svg\"><path d=\"M226.932 399.948c-19.96 18.445-47.567 22.576-72.053 10.786-8.852-4.263-16.322-10.149-22.17-17.199l-33.341 73.744c-1.517 3.355.177 5.884.975 6.815.798.93 3.039 2.989 6.585 2.003l24.272-6.756a31.036 31.036 0 0 1 8.319-1.14 30.93 30.93 0 0 1 27.849 17.492l10.962 22.685c1.601 3.315 4.604 3.646 5.854 3.621 1.226-.016 4.242-.414 5.758-3.769l53.033-117.304a39.793 39.793 0 0 0-16.043 9.022zM412.631 467.279l-33.341-73.744c-5.848 7.051-13.318 12.937-22.17 17.199-24.487 11.79-52.093 7.659-72.053-10.786a39.787 39.787 0 0 0-16.045-9.022l53.033 117.304c1.517 3.356 4.533 3.753 5.758 3.769 1.25.025 4.253-.306 5.854-3.621l10.962-22.685a30.928 30.928 0 0 1 27.849-17.492c2.757 0 5.554.371 8.319 1.14l24.272 6.756c3.546.987 5.788-1.072 6.585-2.003.8-.932 2.494-3.461.977-6.815z\"><\/path><path d=\"M438.821 207.791c-27.69-18.96-36.282-56.605-19.56-85.702 10.051-17.491 4.82-34.775-3.427-45.118-8.248-10.34-23.936-19.285-43.223-13.38-32.084 9.827-66.877-6.925-79.201-38.141C286.002 6.686 269.227 0 256 0c-13.227 0-30.002 6.686-37.41 25.451-12.324 31.217-47.114 47.967-79.201 38.141-19.289-5.904-34.974 3.039-43.223 13.38-8.247 10.343-13.478 27.625-3.427 45.118 16.722 29.096 8.13 66.742-19.56 85.702-16.646 11.399-19.431 29.24-16.489 42.136 2.942 12.896 13.194 27.761 33.137 30.808 33.174 5.068 57.248 35.256 54.809 68.727-1.468 20.121 10.745 33.423 22.662 39.163 11.918 5.739 29.932 6.995 44.748-6.698 12.322-11.387 28.141-17.083 43.953-17.083 15.818 0 31.628 5.693 43.952 17.083 14.818 13.694 32.833 12.438 44.75 6.698 11.917-5.739 24.129-19.041 22.662-39.162-2.439-33.471 21.635-63.659 54.809-68.728 19.943-3.047 30.193-17.913 33.137-30.808 2.943-12.898.156-30.739-16.488-42.137zM256 335.923c-72.575 0-131.619-59.044-131.619-131.619S183.424 72.684 256 72.684s131.619 59.044 131.619 131.619c-.001 72.575-59.044 131.62-131.619 131.62z\"><\/path><path d=\"M255.999 97.225c-59.044 0-107.079 48.036-107.079 107.079 0 59.043 48.034 107.079 107.079 107.079s107.079-48.036 107.079-107.079S315.043 97.225 255.999 97.225zm54.875 96.697-66.642 48.675a12.27 12.27 0 0 1-17.279-2.856l-19.934-28.382c-3.895-5.547-2.556-13.2 2.989-17.095 5.546-3.895 13.198-2.557 17.094 2.989l12.75 18.154 56.548-41.302c5.473-3.995 13.15-2.803 17.146 2.671 3.997 5.472 2.8 13.148-2.672 17.146z\"><\/path><\/svg><\/span><span class=\"gb-text\">Service de Qualit\u00e9<\/span><\/h3>\n\n\n\n<p class=\"gb-text gb-text-ee677e01\">Nous garantissons des v\u00e9hicules modernes, propres et confortables pour un trajet impeccable.<\/p>\n<\/div>\n\n\n\n<div class=\"gb-element-cbe9374b\">\n<h3 class=\"gb-text-50f76306\"><span class=\"gb-shape\"><svg xmlns=\"http:\/\/www.w3.org\/2000\/svg\" viewbox=\"0 0 24 24\"><path d=\"M12 2C6.486 2 2 6.486 2 12v4.143C2 17.167 2.897 18 4 18h1a1 1 0 0 0 1-1v-5.143a1 1 0 0 0-1-1h-.908C4.648 6.987 7.978 4 12 4s7.352 2.987 7.908 6.857H19a1 1 0 0 0-1 1V18c0 1.103-.897 2-2 2h-2v-1h-4v3h6c2.206 0 4-1.794 4-4 1.103 0 2-.833 2-1.857V12c0-5.514-4.486-10-10-10z\"><\/path><\/svg><\/span><span class=\"gb-text\">Assistance 24\/7<\/span><\/h3>\n\n\n\n<div style=\"height:1px\" aria-hidden=\"true\" class=\"wp-block-spacer\"><\/div>\n\n\n\n<p class=\"gb-text gb-text-e1bff47f\">Notre \u00e9quipe est joignable \u00e0 tout moment par t\u00e9l\u00e9phone ou WhatsApp pour r\u00e9pondre \u00e0 vos besoins.<\/p>\n\n\n\n<hr class=\"wp-block-separator has-alpha-channel-opacity\"\/>\n<\/div>\n\n\n\n<div class=\"gb-element-53a779dc\">\n<h3 class=\"gb-text-9868b335\"><span class=\"gb-shape\"><svg xmlns=\"http:\/\/www.w3.org\/2000\/svg\" viewbox=\"0 0 128 128\"><path d=\"M86.5 38.1c8.4 0 15.2 6.8 15.2 15.2s-6.8 15.2-15.2 15.2-15.2-6.8-15.2-15.2 6.8-15.2 15.2-15.2zm19.1 34.3H70.9c-5 0-9.9.7-13.5 5.6-1.6 2.4-16 20.6-16 20.6H21.1c-3.6 0-6.6 3-6.6 6.6s3 6.6 6.6 6.6h23.1c1.7 0 3.4-.7 4.6-1.9l13.5-16.4c.4-.4.7-.6 1.3-.6 1.1 0 1.9.7 1.9 1.9v29.9h42V95.2c0-1.1.7-1.9 1.9-1.9 1.1 0 1.9.7 1.9 1.9v29.5h13.3V91.5c.1-10.5-8.5-19.1-19-19.1zM7.5 79.5v-2h24.7c-.4.7-.6 1.6-.8 2.3-.2 1.2-.1 2.2.2 3.2l-20.7-.1c-1.9 0-3.4-1.5-3.4-3.4m27.3-44.6c0 3.5-.1 34.9-.1 38.4H11.1L25.9 61l-.1-26.1h9M37.1 83h-1c-.6-.6-.8-1.5-.6-2.4.3-1.6 1.5-3 2-3.2.8-.3 1.4-1 1.4-1.9l.1-42.6c0-1.1-.9-2.1-2.1-2.1h-11V26c0-.8-.5-1.6-1.2-1.9s-1.7-.2-2.2.4L8 38.8c-2.6 2.5-4.5 7.3-4.5 10.8l-.2 29.9c0 4.2 3.4 7.6 7.5 7.6l26.2.1c1.1 0 2.1-.9 2.1-2.1 0-1.2-.8-2.1-2-2.1\"><\/path><\/svg><\/span><span class=\"gb-text\">Chauffeurs Exp\u00e9riment\u00e9s<\/span><\/h3>\n\n\n\n<div style=\"height:0px\" aria-hidden=\"true\" class=\"wp-block-spacer\"><\/div>\n\n\n\n<p class=\"gb-text gb-text-c99f7ea8\">Nos chauffeurs sont des professionnels fiables avec une parfaite connaissance des routes marocaines.<\/p>\n<\/div>\n\n\n\n<div class=\"gb-element-655b7a6f\">\n<h3 class=\"gb-text-e41aee76\"><span class=\"gb-shape\"><svg xmlns=\"http:\/\/www.w3.org\/2000\/svg\" viewbox=\"0 0 448 512\" width=\"1em\" height=\"1em\" aria-hidden=\"true\"><path d=\"M148 288h-40c-6.6 0-12-5.4-12-12v-40c0-6.6 5.4-12 12-12h40c6.6 0 12 5.4 12 12v40c0 6.6-5.4 12-12 12zm108-12v-40c0-6.6-5.4-12-12-12h-40c-6.6 0-12 5.4-12 12v40c0 6.6 5.4 12 12 12h40c6.6 0 12-5.4 12-12zm96 0v-40c0-6.6-5.4-12-12-12h-40c-6.6 0-12 5.4-12 12v40c0 6.6 5.4 12 12 12h40c6.6 0 12-5.4 12-12zm-96 96v-40c0-6.6-5.4-12-12-12h-40c-6.6 0-12 5.4-12 12v40c0 6.6 5.4 12 12 12h40c6.6 0 12-5.4 12-12zm-96 0v-40c0-6.6-5.4-12-12-12h-40c-6.6 0-12 5.4-12 12v40c0 6.6 5.4 12 12 12h40c6.6 0 12-5.4 12-12zm192 0v-40c0-6.6-5.4-12-12-12h-40c-6.6 0-12 5.4-12 12v40c0 6.6 5.4 12 12 12h40c6.6 0 12-5.4 12-12zm96-260v352c0 26.5-21.5 48-48 48H48c-26.5 0-48-21.5-48-48V112c0-26.5 21.5-48 48-48h48V12c0-6.6 5.4-12 12-12h40c6.6 0 12 5.4 12 12v52h128V12c0-6.6 5.4-12 12-12h40c6.6 0 12 5.4 12 12v52h48c26.5 0 48 21.5 48 48zm-48 346V160H48v298c0 3.3 2.7 6 6 6h340c3.3 0 6-2.7 6-6z\" fill=\"currentColor\"><\/path><\/svg><\/span><span class=\"gb-text\">Flexibilit\u00e9<\/span><\/h3>\n\n\n\n<div style=\"height:9px\" aria-hidden=\"true\" class=\"wp-block-spacer\"><\/div>\n\n\n\n<p class=\"gb-text gb-text-1f095bd0\">Nous nous adaptons \u00e0 votre programme, \u00e0 vos horaires et \u00e0 vos demandes sp\u00e9cifiques.<\/p>\n<\/div>\n<\/div>\n<\/section>\n\n\n\n<section class=\"gb-element-b459a296 faq\">\n<div class=\"gb-element-61150f89\">\n<div class=\"gb-element-e2fa1fca\">\n<h2 class=\"gb-text-75a54626\"><span class=\"gb-shape\"><svg aria-hidden=\"true\" role=\"img\" height=\"1em\" width=\"1em\" viewbox=\"0 0 448 512\" xmlns=\"http:\/\/www.w3.org\/2000\/svg\"><path fill=\"currentColor\" d=\"M416 208H272V64c0-17.67-14.33-32-32-32h-32c-17.67 0-32 14.33-32 32v144H32c-17.67 0-32 14.33-32 32v32c0 17.67 14.33 32 32 32h144v144c0 17.67 14.33 32 32 32h32c17.67 0 32-14.33 32-32V304h144c17.67 0 32-14.33 32-32v-32c0-17.67-14.33-32-32-32z\"><\/path><\/svg><\/span><span class=\"gb-text\"><strong>Comment puis-je r\u00e9server un service ?<\/strong><\/span><\/h2>\n\n\n\n<p class=\"gb-text gb-text-8319a938\">C&rsquo;est tr\u00e8s simple ! Vous pouvez remplir le formulaire sur notre page \u00ab\u00a0R\u00e9servation\u00a0\u00bb, nous envoyer un email \u00e0\u00a0contact@goldengatetoursmorocco.com, ou nous contacter directement sur WhatsApp au\u00a0+<strong>212664023329<\/strong>\u00a0pour une r\u00e9ponse rapide.<\/p>\n\n\n\n<h2 class=\"gb-text-ac8dd008\"><span class=\"gb-shape\"><svg aria-hidden=\"true\" role=\"img\" height=\"1em\" width=\"1em\" viewbox=\"0 0 448 512\" xmlns=\"http:\/\/www.w3.org\/2000\/svg\"><path fill=\"currentColor\" d=\"M416 208H272V64c0-17.67-14.33-32-32-32h-32c-17.67 0-32 14.33-32 32v144H32c-17.67 0-32 14.33-32 32v32c0 17.67 14.33 32 32 32h144v144c0 17.67 14.33 32 32 32h32c17.67 0 32-14.33 32-32V304h144c17.67 0 32-14.33 32-32v-32c0-17.67-14.33-32-32-32z\"><\/path><\/svg><\/span><span class=\"gb-text\"><strong>&nbsp;Que se passe-t-il si mon vol est en retard ?<\/strong><\/span><\/h2>\n\n\n\n<p class=\"gb-text gb-text-50402dc0\">Ne vous inqui\u00e9tez pas. Pour les transferts a\u00e9roport, nous suivons votre num\u00e9ro de vol en temps r\u00e9el. Votre chauffeur s&rsquo;adaptera automatiquement \u00e0 votre nouvelle heure d&rsquo;arriv\u00e9e, sans aucun frais suppl\u00e9mentaire.<\/p>\n\n\n\n<h2 class=\"gb-text-13752f1e\"><span class=\"gb-shape\"><svg aria-hidden=\"true\" role=\"img\" height=\"1em\" width=\"1em\" viewbox=\"0 0 448 512\" xmlns=\"http:\/\/www.w3.org\/2000\/svg\"><path fill=\"currentColor\" d=\"M416 208H272V64c0-17.67-14.33-32-32-32h-32c-17.67 0-32 14.33-32 32v144H32c-17.67 0-32 14.33-32 32v32c0 17.67 14.33 32 32 32h144v144c0 17.67 14.33 32 32 32h32c17.67 0 32-14.33 32-32V304h144c17.67 0 32-14.33 32-32v-32c0-17.67-14.33-32-32-32z\"><\/path><\/svg><\/span><span class=\"gb-text\"><strong>Vos chauffeurs parlent-ils d&rsquo;autres langues ?<\/strong><\/span><\/h2>\n\n\n\n<p class=\"gb-text gb-text-29bc4d40\">Oui, tous nos chauffeurs sont professionnels et bilingues. Ils parlent couramment le fran\u00e7ais et l&rsquo;arabe, et la plupart ma\u00eetrisent \u00e9galement l&rsquo;anglais. Si vous avez une demande linguistique sp\u00e9cifique, n&rsquo;h\u00e9sitez pas \u00e0 nous en faire part.<\/p>\n\n\n\n<h2 class=\"gb-text-1d62687e\"><span class=\"gb-shape\"><svg aria-hidden=\"true\" role=\"img\" height=\"1em\" width=\"1em\" viewbox=\"0 0 448 512\" xmlns=\"http:\/\/www.w3.org\/2000\/svg\"><path fill=\"currentColor\" d=\"M416 208H272V64c0-17.67-14.33-32-32-32h-32c-17.67 0-32 14.33-32 32v144H32c-17.67 0-32 14.33-32 32v32c0 17.67 14.33 32 32 32h144v144c0 17.67 14.33 32 32 32h32c17.67 0 32-14.33 32-32V304h144c17.67 0 32-14.33 32-32v-32c0-17.67-14.33-32-32-32z\"><\/path><\/svg><\/span><span class=\"gb-text\"><strong>Quels types de v\u00e9hicules proposez-vous ?<\/strong><\/span><\/h2>\n\n\n\n<p class=\"gb-text gb-text-f6c3f2de\">Notre flotte se compose de berlines confortables, de vans premium et de minibus pour les groupes. Tous nos v\u00e9hicules sont climatis\u00e9s, r\u00e9cents et entretenus avec le plus grand soin pour garantir votre s\u00e9curit\u00e9 et votre confort.<\/p>\n<\/div>\n\n\n\n<div class=\"gb-element-1a7c2000\">\n<h2 class=\"gb-text-10e85eca\"><span class=\"gb-shape\"><svg aria-hidden=\"true\" role=\"img\" height=\"1em\" width=\"1em\" viewbox=\"0 0 448 512\" xmlns=\"http:\/\/www.w3.org\/2000\/svg\"><path fill=\"currentColor\" d=\"M416 208H272V64c0-17.67-14.33-32-32-32h-32c-17.67 0-32 14.33-32 32v144H32c-17.67 0-32 14.33-32 32v32c0 17.67 14.33 32 32 32h144v144c0 17.67 14.33 32 32 32h32c17.67 0 32-14.33 32-32V304h144c17.67 0 32-14.33 32-32v-32c0-17.67-14.33-32-32-32z\"><\/path><\/svg><\/span><span class=\"gb-text\"><strong>Vos tarifs sont-ils fixes ?<\/strong><\/span><\/h2>\n\n\n\n<p class=\"gb-text gb-text-7df520ac\">Oui, absolument. Le prix que nous vous communiquons lors de la r\u00e9servation est le prix final que vous payez. Il n&rsquo;y a aucun frais cach\u00e9. Nos tarifs sont transparents et incluent le v\u00e9hicule, le chauffeur, le carburant et les p\u00e9ages.<\/p>\n\n\n\n<h2 class=\"gb-text-8da6f2df\"><span class=\"gb-shape\"><svg aria-hidden=\"true\" role=\"img\" height=\"1em\" width=\"1em\" viewbox=\"0 0 448 512\" xmlns=\"http:\/\/www.w3.org\/2000\/svg\"><path fill=\"currentColor\" d=\"M416 208H272V64c0-17.67-14.33-32-32-32h-32c-17.67 0-32 14.33-32 32v144H32c-17.67 0-32 14.33-32 32v32c0 17.67 14.33 32 32 32h144v144c0 17.67 14.33 32 32 32h32c17.67 0 32-14.33 32-32V304h144c17.67 0 32-14.33 32-32v-32c0-17.67-14.33-32-32-32z\"><\/path><\/svg><\/span><span class=\"gb-text\"><strong>Est-il possible de demander un si\u00e8ge b\u00e9b\u00e9 ?<\/strong><\/span><\/h2>\n\n\n\n<p class=\"gb-text gb-text-0107ed24\">Bien s\u00fbr. La s\u00e9curit\u00e9 de vos enfants est notre priorit\u00e9. Nous pouvons fournir des si\u00e8ges b\u00e9b\u00e9 ou des rehausseurs sur demande. Veuillez simplement le pr\u00e9ciser au moment de votre r\u00e9servation.<\/p>\n\n\n\n<h2 class=\"gb-text-866de0f7\"><span class=\"gb-shape\"><svg aria-hidden=\"true\" role=\"img\" height=\"1em\" width=\"1em\" viewbox=\"0 0 448 512\" xmlns=\"http:\/\/www.w3.org\/2000\/svg\"><path fill=\"currentColor\" d=\"M416 208H272V64c0-17.67-14.33-32-32-32h-32c-17.67 0-32 14.33-32 32v144H32c-17.67 0-32 14.33-32 32v32c0 17.67 14.33 32 32 32h144v144c0 17.67 14.33 32 32 32h32c17.67 0 32-14.33 32-32V304h144c17.67 0 32-14.33 32-32v-32c0-17.67-14.33-32-32-32z\"><\/path><\/svg><\/span><span class=\"gb-text\"><strong>Puis-je personnaliser un circuit touristique ?<\/strong><\/span><\/h2>\n\n\n\n<p class=\"gb-text gb-text-d06b583e\">Absolument ! C&rsquo;est notre sp\u00e9cialit\u00e9. Nous adorons cr\u00e9er des itin\u00e9raires sur mesure qui correspondent \u00e0 vos envies, votre rythme et votre budget. Contactez-nous avec vos id\u00e9es, et nous cr\u00e9erons ensemble le voyage parfait pour vous.<\/p>\n\n\n\n<h2 class=\"gb-text-9839e330\"><span class=\"gb-shape\"><svg aria-hidden=\"true\" role=\"img\" height=\"1em\" width=\"1em\" viewbox=\"0 0 448 512\" xmlns=\"http:\/\/www.w3.org\/2000\/svg\"><path fill=\"currentColor\" d=\"M416 208H272V64c0-17.67-14.33-32-32-32h-32c-17.67 0-32 14.33-32 32v144H32c-17.67 0-32 14.33-32 32v32c0 17.67 14.33 32 32 32h144v144c0 17.67 14.33 32 32 32h32c17.67 0 32-14.33 32-32V304h144c17.67 0 32-14.33 32-32v-32c0-17.67-14.33-32-32-32z\"><\/path><\/svg><\/span><span class=\"gb-text\"><strong>Quelle est votre politique d&rsquo;annulation ?<\/strong><\/span><\/h2>\n\n\n\n<p class=\"gb-text gb-text-449a7509\">Nous offrons une politique d&rsquo;annulation flexible. Pour la plupart des services, l&rsquo;annulation est gratuite jusqu&rsquo;\u00e0 24 heures avant l&rsquo;heure de prise en charge. Pour des demandes sp\u00e9cifiques ou des circuits, les conditions vous seront pr\u00e9cis\u00e9es dans le devis.<\/p>\n<\/div>\n<\/div>\n<\/section>","protected":false},"excerpt":{"rendered":"<p>FAQ Les r\u00e9ponses \u00e0 vos questions les plus fr\u00e9quentes Service de Qualit\u00e9 Nous garantissons des v\u00e9hicules modernes, propres et confortables pour un trajet impeccable. Assistance 24\/7 Notre \u00e9quipe est joignable \u00e0 tout moment par t\u00e9l\u00e9phone ou WhatsApp pour r\u00e9pondre \u00e0 vos besoins. Chauffeurs Exp\u00e9riment\u00e9s Nos chauffeurs sont des professionnels fiables avec une parfaite connaissance des &#8230; <a title=\"FAQ\" class=\"read-more\" href=\"https:\/\/goldengatetoursmorocco.com\/en\/faq-transport-touristique-au-maroc\/\" aria-label=\"Read more about FAQ\">Read more<\/a><\/p>","protected":false},"author":1,"featured_media":0,"parent":0,"menu_order":0,"comment_status":"closed","ping_status":"closed","template":"","meta":{"footnotes":""},"class_list":["post-40","page","type-page","status-publish"],"_hostinger_reach_plugin_has_subscription_block":false,"_hostinger_reach_plugin_is_elementor":false,"_links":{"self":[{"href":"https:\/\/goldengatetoursmorocco.com\/en\/wp-json\/wp\/v2\/pages\/40","targetHints":{"allow":["GET"]}}],"collection":[{"href":"https:\/\/goldengatetoursmorocco.com\/en\/wp-json\/wp\/v2\/pages"}],"about":[{"href":"https:\/\/goldengatetoursmorocco.com\/en\/wp-json\/wp\/v2\/types\/page"}],"author":[{"embeddable":true,"href":"https:\/\/goldengatetoursmorocco.com\/en\/wp-json\/wp\/v2\/users\/1"}],"replies":[{"embeddable":true,"href":"https:\/\/goldengatetoursmorocco.com\/en\/wp-json\/wp\/v2\/comments?post=40"}],"version-history":[{"count":2,"href":"https:\/\/goldengatetoursmorocco.com\/en\/wp-json\/wp\/v2\/pages\/40\/revisions"}],"predecessor-version":[{"id":1380,"href":"https:\/\/goldengatetoursmorocco.com\/en\/wp-json\/wp\/v2\/pages\/40\/revisions\/1380"}],"wp:attachment":[{"href":"https:\/\/goldengatetoursmorocco.com\/en\/wp-json\/wp\/v2\/media?parent=40"}],"curies":[{"name":"wp","href":"https:\/\/api.w.org\/{rel}","templated":true}]}}