{"id":38,"date":"2021-11-18T21:42:04","date_gmt":"2021-11-18T21:42:04","guid":{"rendered":"https:\/\/driver.wordifysites.com\/?page_id=38"},"modified":"2025-11-14T19:27:10","modified_gmt":"2025-11-14T19:27:10","slug":"reservation-transport-touristique-au-maroc","status":"publish","type":"page","link":"https:\/\/goldengatetoursmorocco.com\/en\/reservation-transport-touristique-au-maroc\/","title":{"rendered":"Booking"},"content":{"rendered":"<section class=\"gb-element-633f168e\">\n<div>\n<h2 class=\"gb-text\">Demandez Votre Devis Gratuit<\/h2>\n\n\n\n<p class=\"gb-text\">Pour recevoir une offre personnalis\u00e9e et sans engagement, veuillez remplir les informations ci-dessous. Notre \u00e9quipe vous r\u00e9pondra dans les plus brefs d\u00e9lais avec un tarif fixe et transparent.<\/p>\n<\/div>\n\n\n\t\t\t<div class=\"srfm-form-container srfm-form-container-1299 srfm-bg-color\">\n\t\t\t<style>\n\t\t\t\t\/* Need to check and remove the input variables related to the Style Tab. *\/\n\t\t\t\t.srfm-form-container-1299 {\n\t\t\t\t\t\/* New test variables *\/\n\t\t\t\t\t--srfm-color-scheme-primary: #111C44;\n\t\t\t\t\t--srfm-color-scheme-text-on-primary: #FFFFFF;\n\t\t\t\t\t--srfm-color-scheme-text: #1E1E1E;\n\t\t\t\t\t--srfm-quill-editor-color: #111C44;\n\n\t\t\t\t\t--srfm-color-input-label: #1E1E1E;\n\t\t\t\t\t--srfm-color-input-description: hsl( from #1E1E1E h s l \/ 0.65 );\n\t\t\t\t\t--srfm-color-input-placeholder: hsl( from #1E1E1E h s l \/ 0.5 );\n\t\t\t\t\t--srfm-color-input-text: #1E1E1E;\n\t\t\t\t\t--srfm-color-input-prefix: hsl( from #1E1E1E h s l \/ 0.65 );\n\t\t\t\t\t--srfm-color-input-background: hsl( from #1E1E1E h s l \/ 0.02 );\n\t\t\t\t\t--srfm-color-input-background-hover: hsl( from #1E1E1E h s l \/ 0.05 );\n\t\t\t\t\t--srfm-color-input-background-disabled: hsl( from #1E1E1E h s l \/ 0.07 );\n\t\t\t\t\t--srfm-color-input-border: hsl( from #1E1E1E h s l \/ 0.25 );\n\t\t\t\t\t--srfm-color-input-border-disabled: hsl( from #1E1E1E h s l \/ 0.15 );\n\t\t\t\t\t--srfm-color-multi-choice-svg: hsl( from #1E1E1E h s l \/ 0.7 );\n\t\t\t\t\t--srfm-color-input-border-hover: hsl( from #111C44 h s l \/ 0.65 );\n\t\t\t\t\t--srfm-color-input-border-focus-glow: hsl( from #111C44 h s l \/ 0.15 );\n\t\t\t\t\t--srfm-color-input-selected: hsl( from #111C44 h s l \/ 0.1 );\n\t\t\t\t\t--srfm-btn-color-hover: hsl( from #111C44 h s l \/ 0.9 );\n\t\t\t\t\t--srfm-btn-color-disabled: hsl( from #111C44 h s l \/ 0.25 );\n\n\t\t\t\t\t\/* Dropdown Variables *\/\n\t\t\t\t\t--srfm-dropdown-input-background-hover: hsl( from #1E1E1E h s l \/ 0.05 );\n\t\t\t\t\t--srfm-dropdown-option-background-hover: hsl( from #1E1E1E h s l \/ 0.10 );\n\t\t\t\t\t--srfm-dropdown-option-background-selected: hsl( from #1E1E1E h s l \/ 0.05 );\n\t\t\t\t\t--srfm-dropdown-option-selected-icon: hsl( from #1E1E1E h s l \/ 0.65 );\n\t\t\t\t\t--srfm-dropdown-option-text-color: hsl( from #1E1E1E h s l \/ 0.80 );\n\t\t\t\t\t--srfm-dropdown-option-selected-text: #1E1E1E;\n\t\t\t\t\t--srfm-dropdown-badge-background: hsl( from #1E1E1E h s l \/ 0.05 );\n\t\t\t\t\t--srfm-dropdown-badge-background-hover: hsl( from #1E1E1E h s l \/ 0.10 );\n\t\t\t\t\t--srfm-dropdown-menu-border-color: hsl( from #1E1E1E h s l \/ 0.10 );\n\t\t\t\t\t--srfm-dropdown-placeholder-color: hsl( from #1E1E1E h s l \/ 0.50 );\n\t\t\t\t\t--srfm-dropdown-icon-color: hsl( from #1E1E1E h s l \/ 0.65 );\n\t\t\t\t\t--srfm-dropdown-icon-disabled: hsl( from #1E1E1E h s l \/ 0.25 );\n\n\t\t\t\t\t\/* Background Control Variables *\/\n\t\t\t\t\t--srfm-instant-form-padding-top: 32px;--srfm-instant-form-padding-right: 32px;--srfm-instant-form-padding-bottom: 32px;--srfm-instant-form-padding-left: 32px;--srfm-instant-form-border-radius-top: 12px;--srfm-instant-form-border-radius-right: 12px;--srfm-instant-form-border-radius-bottom: 12px;--srfm-instant-form-border-radius-left: 12px;--srfm-form-padding-top: 0px;--srfm-form-padding-right: 0px;--srfm-form-padding-bottom: 0px;--srfm-form-padding-left: 0px;--srfm-form-border-radius-top: 0px;--srfm-form-border-radius-right: 0px;--srfm-form-border-radius-bottom: 0px;--srfm-form-border-radius-left: 0px;--srfm-bg-color: #ffffff;--srfm-bg-overlay-opacity: 1;\t\t\t\t\t--srfm-row-gap-between-blocks: 18px;--srfm-address-label-font-size: 16px;--srfm-address-label-line-height: 24px;--srfm-address-description-font-size: 14px;--srfm-address-description-line-height: 20px;--srfm-col-gap-between-fields: 16px;--srfm-row-gap-between-fields: 16px;--srfm-gap-below-address-label: 14px;--srfm-dropdown-font-size: 14px;--srfm-dropdown-gap-between-input-menu: 4px;--srfm-dropdown-badge-padding: 2px 6px;--srfm-dropdown-multiselect-font-size: 12px;--srfm-dropdown-multiselect-line-height: 16px;--srfm-dropdown-padding-right: 12px;--srfm-dropdown-padding-right-icon: calc( var( --srfm-dropdown-padding-right ) + 20px );--srfm-dropdown-multiselect-padding: 8px var( --srfm-dropdown-padding-right-icon ) 8px 8px;--srfm-input-height: 44px;--srfm-input-field-padding: 10px 12px;--srfm-input-field-font-size: 16px;--srfm-input-field-line-height: 24px;--srfm-input-field-margin-top: 6px;--srfm-input-field-margin-bottom: 6px;--srfm-checkbox-label-font-size: 16px;--srfm-checkbox-label-line-height: 24px;--srfm-checkbox-description-font-size: 14px;--srfm-checkbox-description-line-height: 20px;--srfm-check-ctn-width: 16px;--srfm-check-ctn-height: 16px;--srfm-check-svg-size: 10px;--srfm-checkbox-margin-top-frontend: 4px;--srfm-checkbox-margin-top-editor: 6px;--srfm-check-gap: 8px;--srfm-checkbox-description-margin-left: 24px;--srfm-flag-section-padding: 10px 0 10px 12px;--srfm-gap-between-icon-text: 8px;--srfm-label-font-size: 16px;--srfm-label-line-height: 24px;--srfm-description-font-size: 14px;--srfm-description-line-height: 20px;--srfm-btn-padding: 10px 14px;--srfm-btn-font-size: 16px;--srfm-btn-line-height: 24px;--srfm-multi-choice-horizontal-padding: 20px;--srfm-multi-choice-vertical-padding: 20px;--srfm-multi-choice-internal-option-gap: 8px;--srfm-multi-choice-vertical-svg-size: 40px;--srfm-multi-choice-horizontal-image-size: 24px;--srfm-multi-choice-vertical-image-size: 120px;--srfm-multi-choice-outer-padding: 2px;\t\t\t\t}\n\t\t\t<\/style>\n\t\t\t\t\t\t\t<form method=\"post\" enctype=\"multipart\/form-data\" id=\"srfm-form-1299\" class=\"srfm-form\"\n\t\t\t\tform-id=\"1299\" after-submission=\"hide form\" message-type=\"same page\" success-url=\"\" ajaxurl=\"https:\/\/goldengatetoursmorocco.com\/wp-admin\/admin-ajax.php\" data-submit-token=\"967b2fa635e123369741a22231b0c933d0d7e39c8963fff8ded5c08d3864ebc7\" action=\"\"\n\t\t\t\t>\n\t\t\t\t\n\t\t\t\t<input type=\"hidden\" value=\"1299\" name=\"form-id\">\n\t\t\t\t<input type=\"hidden\" value=\"\" name=\"srfm-sender-email-field\" id=\"srfm-sender-email\">\n\t\t\t\t<input type=\"hidden\" value=\"\" id=\"srfm-page-break\">\n\t\t\t\t\t\t<p id=\"srfm-error-message\" class=\"srfm-common-error-message srfm-error-message srfm-head-error\" hidden>\t\t<span class=\"srfm-icon\" aria-hidden=\"true\">\n\t\t\t<svg xmlns='http:\/\/www.w3.org\/2000\/svg' width='20' height='20' fill='none'><path d='M9.99935 18.3327C14.6017 18.3327 18.3327 14.6017 18.3327 9.99935C18.3327 5.39698 14.6017 1.66602 9.99935 1.66602C5.39698 1.66602 1.66602 5.39698 1.66602 9.99935C1.66602 14.6017 5.39698 18.3327 9.99935 18.3327Z' stroke='currentColor' stroke-width='1.5' stroke-linecap='round' stroke-linejoin='round' \/><path d='M10 6.66602V9.99935' stroke='currentColor' stroke-width='1.5' stroke-linecap='round' stroke-linejoin='round' \/><path d='M10 13.334H10.0083' stroke='currentColor' stroke-width='1.5' stroke-linecap='round' stroke-linejoin='round' \/><\/svg>\t\t<\/span>\n\t\t<span class=\"srfm-error-content\">There was an error trying to submit your form. Please try again.<\/span><\/p>\n\t\t\t\t\t<div data-block-id=\"be91a631\" class=\"srfm-block-single srfm-block srfm-input-block srf-input-be91a631-block  srfm-block-width-100 srfm-slug-nom-prenom 1299\" >\n\t\t\t\t\t\t\t\t<label id=\"srfm-label-be91a631-lbl-Tm9tICYgUHLDqW5vbQ\" for=\"srfm-input-be91a631-lbl-Tm9tICYgUHLDqW5vbQ\" class=\"srfm-block-label\">\n\t\t\t\t\t\tNom &amp; Pr\u00e9nom\t\t\t\t\t\t\t\t\t\t\t\t\t<span class=\"srfm-required\" aria-hidden=\"true\"> *<\/span>\n\t\t\t\t\t\t\t\t\t\t\t<\/label>\n\t\t\t\t\t\t\t\t\t\t\t\t\t<div class=\"srfm-description\" id=\"srfm-description-be91a631\">\n\t\t\t\t\t\tEntrez votre nom et pr\u00e9nom complets.\t\t\t\t\t<\/div>\n\t\t\t\t\t\t\t\t\t<div class=\"srfm-block-wrap\">\n\t\t\t\t<input class=\"srfm-input-common srfm-input-input\" type=\"text\" name=\"srfm-input-be91a631-lbl-Tm9tICYgUHLDqW5vbQ-nom-prenom\" id=\"srfm-input-be91a631-lbl-Tm9tICYgUHLDqW5vbQ\"\n\t\t\t\t\taria-describedby='srfm-error-be91a631 srfm-description-be91a631'\t\t\t\t\tdata-required=\"true\" aria-required=\"true\" data-unique=\"false\" maxlength=\"100\" value=\"\"  data-srfm-mask=\"none\"   \/>\n\t\t\t\t<\/div>\n\t\t\t\t<div class=\"srfm-error-wrap\">\n\t\t\t\t\t\t\t\t\t\t<div class=\"srfm-error-message\" data-srfm-id=\"srfm-error-be91a631\" data-error-msg=\"This field is required.\" data-unique-msg=\"Value needs to be unique.\">\n\t\t\t\t\t\tThis field is required.\t\t\t\t\t<\/div>\n\t\t\t\t\t\t\t\t\t<\/div>\n\t\t\t<\/div>\n\t\t\n\n\t\t\t<div data-block-id=\"c14c34c6\" class=\"srfm-block-single srfm-block srfm-email-block srf-email-c14c34c6-block  srfm-block-width-100 srfm-slug-email 1299 srfm-email-block-wrap\">\n\t\t\t\t<div class=\"srfm-email-block srf-email-c14c34c6-block\">\n\t\t\t\t\t\t\t\t\t\t<label id=\"srfm-label-c14c34c6-lbl-RW1haWw\" for=\"srfm-email-c14c34c6-lbl-RW1haWw\" class=\"srfm-block-label\">\n\t\t\t\t\t\tEmail\t\t\t\t\t\t\t\t\t\t\t\t\t<span class=\"srfm-required\" aria-hidden=\"true\"> *<\/span>\n\t\t\t\t\t\t\t\t\t\t\t<\/label>\n\t\t\t\t\t\t\t\t\t\t\t\t\t\t\t<div class=\"srfm-description\" id=\"srfm-description-c14c34c6\">\n\t\t\t\t\t\tVeuillez entrer une adresse email valide.\t\t\t\t\t<\/div>\n\t\t\t\t\t\t\t\t\t\t<div class=\"srfm-block-wrap\">\n\t\t\t\t\t\t<input class=\"srfm-input-common srfm-input-email\" type=\"email\" name=\"srfm-email-c14c34c6-lbl-RW1haWw-email\" id=\"srfm-email-c14c34c6-lbl-RW1haWw\"\n\t\t\t\t\t\taria-describedby='srfm-error-c14c34c6 srfm-description-c14c34c6'\t\t\t\t\t\tdata-required=\"true\" aria-required=\"true\" data-unique=\"false\" value=\"\"   \/>\n\t\t\t\t\t<\/div>\n\t\t\t\t\t<div class=\"srfm-error-wrap\">\n\t\t\t\t\t\t\t\t\t\t\t<div class=\"srfm-error-message\" data-srfm-id=\"srfm-error-c14c34c6\" data-error-msg=\"This field is required.\" data-unique-msg=\"Value needs to be unique.\">\n\t\t\t\t\t\tThis field is required.\t\t\t\t\t<\/div>\n\t\t\t\t\t\t\t\t\t\t<\/div>\n\t\t\t\t<\/div>\n\t\t\t\t\t\t\t<\/div>\n\t\t\n\n\t\t<div data-block-id=\"30c06b36\" class=\"srfm-block-single srfm-block srfm-phone-block srf-phone-30c06b36-block srfm-block-width-100 1299\">\n\t\t\t\t\t\t\t\t<label id=\"srfm-label-30c06b36-lbl-VMOpbMOpcGhvbmU\" for=\"srfm-phone-30c06b36-lbl-VMOpbMOpcGhvbmU\" class=\"srfm-block-label\">\n\t\t\t\t\t\tT\u00e9l\u00e9phone\t\t\t\t\t\t\t\t\t\t\t\t\t<span class=\"srfm-required\" aria-hidden=\"true\"> *<\/span>\n\t\t\t\t\t\t\t\t\t\t\t<\/label>\n\t\t\t\t\t\t\t\t\t\t\t\t\t<div class=\"srfm-description\" id=\"srfm-description-30c06b36\">\n\t\t\t\t\t\tEntrez votre num\u00e9ro de t\u00e9l\u00e9phone avec l'indicatif pays.\t\t\t\t\t<\/div>\n\t\t\t\t\t\t\t\t<div class=\"srfm-block-wrap\">\n\t\t\t\t<input type=\"tel\"\n\t\t\t\t\tclass=\"srfm-input-common srfm-input-phone\"\n\t\t\t\t\tname=\"srfm-phone-30c06b36-lbl-VMOpbMOpcGhvbmU-telephone\"\n\t\t\t\t\tid=\"srfm-phone-30c06b36-lbl-VMOpbMOpcGhvbmU\"\n\t\t\t\t\taria-describedby='srfm-error-30c06b36 srfm-description-30c06b36'\t\t\t\t\tdata-required=\"true\"\n\t\t\t\t\taria-required=\"true\"\n\t\t\t\t\tdefault-country=\"us\"\n\t\t\t\t\t\t\t\t\t\tvalue=\"\"\n\t\t\t\t\t\t\t\t\t\tdata-unique=\"false\">\n\t\t\t<\/div>\n\t\t\t<div class=\"srfm-error-wrap\">\n\t\t\t\t\t\t\t\t\t<div class=\"srfm-error-message\" data-srfm-id=\"srfm-error-30c06b36\" data-error-msg=\"This field is required.\" data-unique-msg=\"Value needs to be unique.\">\n\t\t\t\t\t\tThis field is required.\t\t\t\t\t<\/div>\n\t\t\t\t\t\t\t\t<\/div>\n\t\t<\/div>\n\t\t\n\n\t\t\t<div data-block-id=\"7b7bac3a\" class=\"srfm-block-single srfm-block srfm-input-block srf-input-7b7bac3a-block  srfm-block-width-100 srfm-slug-adresse-de-depart 1299\" >\n\t\t\t\t\t\t\t\t<label id=\"srfm-label-7b7bac3a-lbl-QWRyZXNzZSBkZSBkw6lwYXJ0\" for=\"srfm-input-7b7bac3a-lbl-QWRyZXNzZSBkZSBkw6lwYXJ0\" class=\"srfm-block-label\">\n\t\t\t\t\t\tAdresse de d\u00e9part\t\t\t\t\t\t\t\t\t\t\t\t\t<span class=\"srfm-required\" aria-hidden=\"true\"> *<\/span>\n\t\t\t\t\t\t\t\t\t\t\t<\/label>\n\t\t\t\t\t\t\t\t\t\t\t\t\t<div class=\"srfm-description\" id=\"srfm-description-7b7bac3a\">\n\t\t\t\t\t\tIndiquez l'adresse de d\u00e9part.\t\t\t\t\t<\/div>\n\t\t\t\t\t\t\t\t\t<div class=\"srfm-block-wrap\">\n\t\t\t\t<input class=\"srfm-input-common srfm-input-input\" type=\"text\" name=\"srfm-input-7b7bac3a-lbl-QWRyZXNzZSBkZSBkw6lwYXJ0-adresse-de-depart\" id=\"srfm-input-7b7bac3a-lbl-QWRyZXNzZSBkZSBkw6lwYXJ0\"\n\t\t\t\t\taria-describedby='srfm-error-7b7bac3a srfm-description-7b7bac3a'\t\t\t\t\tdata-required=\"true\" aria-required=\"true\" data-unique=\"false\" maxlength=\"100\" value=\"\"  data-srfm-mask=\"none\"   \/>\n\t\t\t\t<\/div>\n\t\t\t\t<div class=\"srfm-error-wrap\">\n\t\t\t\t\t\t\t\t\t\t<div class=\"srfm-error-message\" data-srfm-id=\"srfm-error-7b7bac3a\" data-error-msg=\"This field is required.\" data-unique-msg=\"Value needs to be unique.\">\n\t\t\t\t\t\tThis field is required.\t\t\t\t\t<\/div>\n\t\t\t\t\t\t\t\t\t<\/div>\n\t\t\t<\/div>\n\t\t\n\n\t\t\t<div data-block-id=\"f62398a4\" class=\"srfm-block-single srfm-block srfm-input-block srf-input-f62398a4-block  srfm-block-width-100 srfm-slug-adresse-darrivee 1299\" >\n\t\t\t\t\t\t\t\t<label id=\"srfm-label-f62398a4-lbl-QWRyZXNzZSBkJ2Fycml2w6ll\" for=\"srfm-input-f62398a4-lbl-QWRyZXNzZSBkJ2Fycml2w6ll\" class=\"srfm-block-label\">\n\t\t\t\t\t\tAdresse d'arriv\u00e9e\t\t\t\t\t\t\t\t\t\t\t\t\t<span class=\"srfm-required\" aria-hidden=\"true\"> *<\/span>\n\t\t\t\t\t\t\t\t\t\t\t<\/label>\n\t\t\t\t\t\t\t\t\t\t\t\t\t<div class=\"srfm-description\" id=\"srfm-description-f62398a4\">\n\t\t\t\t\t\tIndiquez l'adresse d'arriv\u00e9e.\t\t\t\t\t<\/div>\n\t\t\t\t\t\t\t\t\t<div class=\"srfm-block-wrap\">\n\t\t\t\t<input class=\"srfm-input-common srfm-input-input\" type=\"text\" name=\"srfm-input-f62398a4-lbl-QWRyZXNzZSBkJ2Fycml2w6ll-adresse-darrivee\" id=\"srfm-input-f62398a4-lbl-QWRyZXNzZSBkJ2Fycml2w6ll\"\n\t\t\t\t\taria-describedby='srfm-error-f62398a4 srfm-description-f62398a4'\t\t\t\t\tdata-required=\"true\" aria-required=\"true\" data-unique=\"false\" maxlength=\"100\" value=\"\"  data-srfm-mask=\"none\"   \/>\n\t\t\t\t<\/div>\n\t\t\t\t<div class=\"srfm-error-wrap\">\n\t\t\t\t\t\t\t\t\t\t<div class=\"srfm-error-message\" data-srfm-id=\"srfm-error-f62398a4\" data-error-msg=\"This field is required.\" data-unique-msg=\"Value needs to be unique.\">\n\t\t\t\t\t\tThis field is required.\t\t\t\t\t<\/div>\n\t\t\t\t\t\t\t\t\t<\/div>\n\t\t\t<\/div>\n\t\t\n\n\t\t\t<div data-block-id=\"f7abe717\" class=\"srfm-block-single srfm-block srfm-dropdown-block srf-dropdown-f7abe717-block  srfm-block-width-100 srfm-slug-nombre-de-passagers 1299\">\n\t\t\t\t<fieldset>\n\t\t\t\t\t<input class=\"srfm-input-dropdown-hidden\" data-required=\"true\" aria-required=\"true\"  name=\"srfm-dropdown-1-f7abe717-lbl-Tm9tYnJlIGRlIHBhc3NhZ2Vycw-nombre-de-passagers\" type=\"hidden\" value=\"\"\/>\n\t\t\t\t\t<legend class=\"srfm-block-legend\">\n\t\t\t\t\t\t\t\t\t\t\tNombre de passagers\t\t\t\t\t\t\t\t\t\t\t<span class=\"srfm-required\" aria-hidden=\"true\"> *<\/span>\n\t\t\t\t\t\t\t\t\t\t\t\t\t\t\t\t\t\t\t\t\t<div class=\"srfm-description\" id=\"srfm-description-f7abe717\">\n\t\t\t\t\t\tS\u00e9lectionnez le nombre de passagers.\t\t\t\t\t<\/div>\n\t\t\t\t\t\t\t\t\t\t<\/legend>\n\t\t\t\t\t<div class=\"srfm-block-wrap srfm-dropdown-common-wrap\">\n\t\t\t\t\t\t\t\t\t\t<select\n\t\t\t\t\t\tclass=\"srfm-dropdown-common srfm-dropdown-input\"\n\t\t\t\t\t\taria-describedby='srfm-error-f7abe717 srfm-description-f7abe717'\t\t\t\tdata-required=\"true\" aria-required=\"true\"  name=\"srfm-dropdown-1-f7abe717-lbl-Tm9tYnJlIGRlIHBhc3NhZ2Vycw-nombre-de-passagers\" data-multiple=\"false\" data-searchable=\"true\"\n\t\t\t\t\t\t\t\t\t\t\t\ttabindex=\"0\" aria-hidden=\"true\">\n\t\t\t\t\t<option class=\"srfm-dropdown-placeholder\" value=\"\" disabled selected>Select an option<\/option>\n\t\t\t\t\t\t\t\t\t\t\t\t\t\t\t\t\t\t\t\t\t<option value=\"1\" data-icon=\"\"  >1<\/option>\n\t\t\t\t\t\t\t\t\t\t\t\t\t\t\t\t\t\t\t\t\t\t\t<option value=\"2\" data-icon=\"\"  >2<\/option>\n\t\t\t\t\t\t\t\t\t\t\t\t\t\t\t\t\t\t\t\t\t\t\t<option value=\"3\" data-icon=\"\"  >3<\/option>\n\t\t\t\t\t\t\t\t\t\t\t\t\t\t\t\t\t\t\t\t\t\t\t<option value=\"4\" data-icon=\"\"  >4<\/option>\n\t\t\t\t\t\t\t\t\t\t\t\t\t\t\t\t\t\t\t\t\t\t\t<option value=\"5\" data-icon=\"\"  >5<\/option>\n\t\t\t\t\t\t\t\t\t\t\t\t\t\t\t\t\t\t\t\t\t\t\t<option value=\"6\" data-icon=\"\"  >6<\/option>\n\t\t\t\t\t\t\t\t\t\t\t\t\t\t\t\t\t\t\t\t\t\t\t<option value=\"7\" data-icon=\"\"  >7<\/option>\n\t\t\t\t\t\t\t\t\t\t\t\t\t\t\t\t\t\t\t\t\t\t\t<option value=\"8\" data-icon=\"\"  >8<\/option>\n\t\t\t\t\t\t\t\t\t\t\t\t\t<\/select>\n\t\t\t\t\t\t\t\t\t\t<\/div>\n\t\t\t\t\t<div class=\"srfm-error-wrap\">\n\t\t\t\t\t\t\t\t\t\t\t<div class=\"srfm-error-message\" data-srfm-id=\"srfm-error-f7abe717\" data-error-msg=\"This field is required.\">\n\t\t\t\t\t\tThis field is required.\t\t\t\t\t<\/div>\n\t\t\t\t\t\t\t\t\t\t<\/div>\n\t\t\t\t<\/fieldset>\n\t\t\t<\/div>\n\t\t\n\n\t\t<div data-block-id=\"a793c3c7\" class=\"srfm-block-single srfm-block srfm-textarea-block srf-textarea-a793c3c7-block  srfm-block-width-100 1299\">\n\t\t\t\t\t\t\t\t<label id=\"srfm-label-a793c3c7-lbl-RGF0ZSBldCBoZXVyZSBkdSB0cmFqZXTCoCo-2379\" for=\"srfm-textarea-a793c3c7-lbl-RGF0ZSBldCBoZXVyZSBkdSB0cmFqZXTCoCo-2379\" class=\"srfm-block-label\">\n\t\t\t\t\t\t<strong>Date et heure du trajet<\/strong>\u00a0*\t\t\t\t\t\t\t\t\t\t\t<\/label>\n\t\t\t\t\t\t\t\t\t\t\t\t\t<div class=\"srfm-description\" id=\"srfm-description-a793c3c7\">\n\t\t\t\t\t\tvous pouvez mentionner vos besoins sp\u00e9cifiques (si\u00e8ge enfant, bagages, etc.), ci-dessus.\t\t\t\t\t<\/div>\n\t\t\t\t\t\t\t\t<div class=\"srfm-block-wrap\">\n\t\t\t\t<textarea\n\t\t\t\t\tclass=\"srfm-input-common srfm-input-textarea\"\n\t\t\t\t\tname=\"srfm-textarea-a793c3c7-lbl-RGF0ZSBldCBoZXVyZSBkdSB0cmFqZXTCoCo-demandes-specifiques\"\n\t\t\t\t\tid=\"srfm-textarea-a793c3c7-lbl-RGF0ZSBldCBoZXVyZSBkdSB0cmFqZXTCoCo-2379\"\n\t\t\t\t\taria-describedby='srfm-error-a793c3c7 srfm-description-a793c3c7'\t\t\t\t\tdata-required=\"false\" aria-required=\"false\"  rows=\"4\"  \t\t\t\t\t\t\t\t\t\t\t\t\t\t\t><\/textarea>\n\t\t\t\t\t\t\t<\/div>\n\t\t\t<div class=\"srfm-error-wrap\">\n\t\t\t\t\t\t\t<\/div>\n\t\t<\/div>\n\n\t\t\n\n\t\t\t<div data-block-id=\"e65a6e45\" class=\"srfm-block-single srfm-block srfm-gdpr-block srf-gdpr-e65a6e45-block srfm-block-width-100 1299\">\n\t\t\t\t<div class=\"srfm-block-wrap\">\n\t\t\t\t\t<input class=\"srfm-input-common screen-reader-text srfm-input-gdpr\" id=\"srfm-gdpr-1298354260\" name=\"srfm-gdpr-e65a6e45-lbl-RW4gc291bWV0dGFudCBjZSBmb3JtdWxhaXJlLCBqJ2FjY2VwdGUgcXVlIGxlcyBpbmZvcm1hdGlvbnMgc2Fpc2llcyBzb2llbnQgdXRpbGlzw6llcyBwb3VyIG1lIHJlY29udGFjdGVyIGRhbnMgbGUgY2FkcmUgZGUgbWEgZGVtYW5kZS4-i-consent-to-have-this-website-store-my-submitted-information-so-they-can-respond-to-my-inquiry\"\n\t\t\t\t\taria-describedby='srfm-error-e65a6e45'\t\t\t\t\tdata-required=\"true\" aria-required=\"true\" type=\"checkbox\" \/>\n\t\t\t\t\t<label class=\"srfm-cbx\" for=\"srfm-gdpr-1298354260\">\n\t\t\t\t\t\t<span class=\"srfm-span-wrap\">\n\t\t\t\t\t\t\t<svg class=\"srfm-check-icon\" width=\"12px\" height=\"10px\" aria-hidden=\"true\">\n\t\t\t\t\t\t\t\t<use xlink:href=\"#srfm-gdpr-e65a6e45-check\"><\/use>\n\t\t\t\t\t\t\t<\/svg>\n\t\t\t\t\t\t<\/span>\n\t\t\t\t\t\t<span class=\"srfm-span-wrap srfm-block-label\">En soumettant ce formulaire, j'accepte que les informations saisies soient utilis\u00e9es pour me recontacter dans le cadre de ma demande.\t\t\t\t\t\t\t<span class=\"srfm-required\" aria-hidden=\"true\"> *<\/span>\n\t\t\t\t\t\t<\/span>\n\t\t\t\t\t<\/label>\n\t\t\t\t\t<svg class=\"srfm-inline-svg\" aria-hidden=\"true\">\n\t\t\t\t\t\t<symbol id=\"srfm-gdpr-e65a6e45-check\" viewbox=\"0 0 12 10\">\n\t\t\t\t\t\t<polyline points=\"1.5 6 4.5 9 10.5 1\"><\/polyline>\n\t\t\t\t\t\t<\/symbol>\n\t\t\t\t\t<\/svg>\n\t\t\t\t<\/div>\n\t\t\t\t\t\t\t\t<div class=\"srfm-error-wrap\">\n\t\t\t\t\t\t\t\t\t\t<div class=\"srfm-error-message\" data-srfm-id=\"srfm-error-e65a6e45\" data-error-msg=\"This field is required.\">\n\t\t\t\t\t\tThis field is required.\t\t\t\t\t<\/div>\n\t\t\t\t\t\t\t\t\t<\/div>\n\t\t\t<\/div>\n\t\t\t\t\t\t\t\n\t\t\t\t\t\n\t\t\t\t\t<div class=\"srfm-submit-container\" style=\"\">\n\t\t\t\t\t\t<div style=\"width: ; text-align: left\" class=\"wp-block-button\">\n\t\t\t\t\t\t\t\t\t\t\t\t\t\t\t\t\t\t\t<button style=\"\" id=\"srfm-submit-btn\" class=\"srfm-btn-frontend srfm-button srfm-submit-button\"\n\t\t\t\t\t\t\t\t\t\t\t\t\t\t>\n\t\t\t\t\t\t\t\t<div class=\"srfm-submit-wrap\">\n\t\t\t\t\t\t\t\t\tSoumettre\t\t\t\t\t\t\t\t<div class=\"srfm-loader\"><\/div>\n\t\t\t\t\t\t\t\t<\/div>\n\t\t\t\t\t\t\t<\/button>\n\t\t\t\t\t\t\t\t\t\t\t\t\t\t\t\t\t\t<\/div>\n\t\t\t\t\t<\/div>\n\t\t\t\t\t\t\t<p id=\"srfm-error-message\" class=\"srfm-common-error-message srfm-error-message srfm-footer-error\" hidden>\t\t<span class=\"srfm-icon\" aria-hidden=\"true\">\n\t\t\t<svg xmlns='http:\/\/www.w3.org\/2000\/svg' width='20' height='20' fill='none'><path d='M9.99935 18.3327C14.6017 18.3327 18.3327 14.6017 18.3327 9.99935C18.3327 5.39698 14.6017 1.66602 9.99935 1.66602C5.39698 1.66602 1.66602 5.39698 1.66602 9.99935C1.66602 14.6017 5.39698 18.3327 9.99935 18.3327Z' stroke='currentColor' stroke-width='1.5' stroke-linecap='round' stroke-linejoin='round' \/><path d='M10 6.66602V9.99935' stroke='currentColor' stroke-width='1.5' stroke-linecap='round' stroke-linejoin='round' \/><path d='M10 13.334H10.0083' stroke='currentColor' stroke-width='1.5' stroke-linecap='round' stroke-linejoin='round' \/><\/svg>\t\t<\/span>\n\t\t<span class=\"srfm-error-content\">There was an error trying to submit your form. Please try again.<\/span><\/p>\n\t\t\t\t\t<input type=\"hidden\" name=\"trp-form-language\" value=\"en\"\/><\/form>\n\t\t\t<div class=\"srfm-single-form srfm-success-box in-page\">\n\t\t\t\t<div aria-live=\"polite\" aria-atomic=\"true\" role=\"alert\" id=\"srfm-success-message-page-1299\" class=\"srfm-success-box-description\"><\/div>\n\t\t\t<\/div>\n\t\t\t\t\t\t<\/div>\n\t\t\n<\/section>\n\n\n\n<div>\n<div>\n<h2 class=\"gb-text\">R\u00e9servez Directement sur WhatsApp<\/h2>\n\n\n\n<p class=\"gb-text gb-text-cf009ece\">Vous pr\u00e9f\u00e9rez un contact plus direct ? Envoyez-nous un message sur WhatsApp pour une r\u00e9ponse instantan\u00e9e. Id\u00e9al pour les r\u00e9servations de derni\u00e8re minute ou pour poser une question rapide \u00e0 notre \u00e9quipe.<\/p>\n<\/div>\n<\/div>\n\n\n\n<h3 class=\"gb-text\"><strong>Les Avantages :<\/strong><\/h3>\n\n\n\n<ul class=\"wp-block-list\">\n<li class=\"has-text-color has-link-color wp-elements-68366accd0db7e7c235739c367b1beba\" style=\"color:#000000\">\u2714\ufe0e R\u00e9ponse Rapide et Personnalis\u00e9e<\/li>\n\n\n\n<li class=\"has-text-color has-link-color wp-elements-33abf4d8c692c4f27c37eef884e8abad\" style=\"color:#000000\">\u2714\ufe0e Confirmation Instantan\u00e9e<\/li>\n\n\n\n<li class=\"has-text-color has-link-color wp-elements-f93da07f2763a7e1ab7ac58d40553aea\" style=\"color:#000000\">\u2714\ufe0e Facile pour partager les d\u00e9tails (localisation, etc.)<\/li>\n\n\n\n<li class=\"has-text-color has-link-color wp-elements-2cba9cbf673faf9ba5a05ec64d2c924e\" style=\"color:#000000\">\u2714\ufe0e Service disponible 24\/7<\/li>\n<\/ul>\n\n\n\n<div class=\"wp-block-buttons is-layout-flex wp-block-buttons-is-layout-flex\">\n<div class=\"wp-block-button has-custom-width wp-block-button__width-100\"><a class=\"wp-block-button__link wp-element-button\" href=\"https:\/\/wa.me\/212664023329\" target=\"_blank\" rel=\"noopener\">Discuter sur WhatsApp<\/a><\/div>\n<\/div>\n\n\n\n<p><\/p>","protected":false},"excerpt":{"rendered":"<p>Demandez Votre Devis Gratuit Pour recevoir une offre personnalis\u00e9e et sans engagement, veuillez remplir les informations ci-dessous. Notre \u00e9quipe vous r\u00e9pondra dans les plus brefs d\u00e9lais avec un tarif fixe et transparent. R\u00e9servez Directement sur WhatsApp Vous pr\u00e9f\u00e9rez un contact plus direct ? Envoyez-nous un message sur WhatsApp pour une r\u00e9ponse instantan\u00e9e. Id\u00e9al pour les &#8230; <a title=\"Booking\" class=\"read-more\" href=\"https:\/\/goldengatetoursmorocco.com\/en\/reservation-transport-touristique-au-maroc\/\" aria-label=\"Read more about R\u00e9servation\">Read more<\/a><\/p>","protected":false},"author":1,"featured_media":0,"parent":0,"menu_order":0,"comment_status":"closed","ping_status":"closed","template":"","meta":{"footnotes":""},"class_list":["post-38","page","type-page","status-publish"],"_hostinger_reach_plugin_has_subscription_block":false,"_hostinger_reach_plugin_is_elementor":false,"_links":{"self":[{"href":"https:\/\/goldengatetoursmorocco.com\/en\/wp-json\/wp\/v2\/pages\/38","targetHints":{"allow":["GET"]}}],"collection":[{"href":"https:\/\/goldengatetoursmorocco.com\/en\/wp-json\/wp\/v2\/pages"}],"about":[{"href":"https:\/\/goldengatetoursmorocco.com\/en\/wp-json\/wp\/v2\/types\/page"}],"author":[{"embeddable":true,"href":"https:\/\/goldengatetoursmorocco.com\/en\/wp-json\/wp\/v2\/users\/1"}],"replies":[{"embeddable":true,"href":"https:\/\/goldengatetoursmorocco.com\/en\/wp-json\/wp\/v2\/comments?post=38"}],"version-history":[{"count":7,"href":"https:\/\/goldengatetoursmorocco.com\/en\/wp-json\/wp\/v2\/pages\/38\/revisions"}],"predecessor-version":[{"id":1379,"href":"https:\/\/goldengatetoursmorocco.com\/en\/wp-json\/wp\/v2\/pages\/38\/revisions\/1379"}],"wp:attachment":[{"href":"https:\/\/goldengatetoursmorocco.com\/en\/wp-json\/wp\/v2\/media?parent=38"}],"curies":[{"name":"wp","href":"https:\/\/api.w.org\/{rel}","templated":true}]}}