{"id":34,"date":"2021-11-18T21:41:05","date_gmt":"2021-11-18T21:41:05","guid":{"rendered":"https:\/\/driver.wordifysites.com\/?page_id=34"},"modified":"2025-11-14T19:24:05","modified_gmt":"2025-11-14T19:24:05","slug":"services-de-transport-touristique-au-maroc","status":"publish","type":"page","link":"https:\/\/goldengatetoursmorocco.com\/en\/services-de-transport-touristique-au-maroc\/","title":{"rendered":"Services"},"content":{"rendered":"<section class=\"gb-element-30807ee4\">\n<h2 class=\"gb-text gb-text-ca0385c9\">Nos Services<\/h2>\n\n\n\n<p>D\u00e9couvrez l&rsquo;ensemble de nos solutions de transport priv\u00e9 au Maroc, con\u00e7ues pour r\u00e9pondre \u00e0 chacun de vos besoins avec professionnalisme et flexibilit\u00e9. Chez Golden Gate Tours Morocco, chaque trajet est une promesse de confort, de s\u00e9curit\u00e9 et de ponctualit\u00e9.<\/p>\n<\/section>\n\n\n\n<section class=\"gb-element-77df5834\">\n<div class=\"gb-element-8201d877\">\n<div class=\"gb-element-e4ed25e0\">\n<h3 class=\"gb-text gb-text-c36fb995\">Airport transfers 24\/7<\/h3>\n\n\n\n<p>Commencez ou terminez votre voyage au Maroc en toute s\u00e9r\u00e9nit\u00e9. Nous assurons vos transferts depuis et vers les principaux a\u00e9roports (Casablanca, Marrakech, Rabat, etc.). Votre chauffeur vous accueille personnellement avec une pancarte \u00e0 votre nom, s&rsquo;occupe de vos bagages et suit votre vol en temps r\u00e9el pour s&rsquo;adapter \u00e0 toute \u00e9ventualit\u00e9. Ponctualit\u00e9 et accueil chaleureux garantis d\u00e8s votre arriv\u00e9e.<\/p>\n<\/div>\n\n\n\n<div class=\"gb-element-c822b41f\" style=\"--inline-bg-image: url(https:\/\/goldengatetoursmorocco.com\/wp-content\/uploads\/2025\/11\/a42af44b-5ff1-4a6f-a584-a1098f60763b-1.jpeg)\"><\/div>\n<\/div>\n<\/section>\n\n\n\n<section>\n<div class=\"gb-element-932d1e4d\">\n<div class=\"gb-element-ad14b3da\" style=\"--inline-bg-image: url(https:\/\/goldengatetoursmorocco.com\/wp-content\/uploads\/2025\/11\/f7f2f135-7d03-42cc-afe3-52192ad6c936-2.jpeg)\"><\/div>\n\n\n\n<div class=\"gb-element-46e080a7\">\n<h3 class=\"gb-text gb-text-efa439e1\">Intercity trips<\/h3>\n\n\n\n<p>Voyagez confortablement et en toute s\u00e9curit\u00e9 entre les diff\u00e9rentes villes du Maroc. Oubliez le stress des transports en commun et profitez d&rsquo;un trajet direct, priv\u00e9 et agr\u00e9able. Que ce soit pour un d\u00e9placement professionnel entre Casablanca et Rabat ou une excursion vers F\u00e8s, nos chauffeurs exp\u00e9riment\u00e9s vous assurent un voyage paisible. Profitez du paysage, nous nous occupons de la route.<\/p>\n<\/div>\n<\/div>\n<\/section>\n\n\n\n<section class=\"gb-element-e4b2ea33\">\n<div class=\"gb-element-a686f3db\">\n<div class=\"gb-element-487e7641\">\n<h3 class=\"gb-text gb-text-1128f321\">Private sightseeing tours<\/h3>\n\n\n\n<p>D\u00e9couvrez les tr\u00e9sors du Maroc \u00e0 votre rythme avec un circuit priv\u00e9 enti\u00e8rement sur mesure. Des Villes Imp\u00e9riales aux dunes du Sahara, en passant par les montagnes de l&rsquo;Atlas, nous cr\u00e9ons avec vous un itin\u00e9raire inoubliable. Nos chauffeurs-guides, passionn\u00e9s par leur pays, partageront avec vous leurs connaissances et vous feront d\u00e9couvrir des lieux authentiques, loin des sentiers battus.<\/p>\n<\/div>\n\n\n\n<div class=\"gb-element-73399a6a\" style=\"--inline-bg-image: url(https:\/\/goldengatetoursmorocco.com\/wp-content\/uploads\/2025\/11\/574935343_672480915687996_1626663048329191634_n-1.jpg)\"><\/div>\n<\/div>\n<\/section>\n\n\n\n<section>\n<div class=\"gb-element-552b893f\">\n<div class=\"gb-element-dbe6d097\" style=\"--inline-bg-image: url(https:\/\/goldengatetoursmorocco.com\/wp-content\/uploads\/2025\/11\/ghngh.webp)\"><\/div>\n\n\n<div class=\"gb-container gb-container-127de73a\">\n\n<h3 class=\"gb-text gb-text-181da4c2\">Business driver<\/h3>\n\n\n\n<p>Optimisez vos journ\u00e9es de travail gr\u00e2ce \u00e0 notre service d\u00e9di\u00e9 aux professionnels. Nous comprenons vos imp\u00e9ratifs de ponctualit\u00e9, de discr\u00e9tion et d&rsquo;efficacit\u00e9. Votre chauffeur g\u00e8re vos d\u00e9placements entre vos rendez-vous, s\u00e9minaires et h\u00f4tels, vous permettant de vous concentrer sur vos objectifs en toute tranquillit\u00e9. Voyagez dans un v\u00e9hicule confortable et transformez vos temps de trajet en un moment de travail ou de relaxation.<\/p>\n\n<\/div><\/div>\n<\/section>\n\n\n\n<section class=\"gb-element-128657bb\">\n<div class=\"gb-element-38cc7398\">\n<div class=\"gb-element-537e484f\">\n<h3 class=\"gb-text gb-text-340bbbaa\">Transport Familial &amp; de Groupe<\/h3>\n\n\n\n<p>Voyager \u00e0 plusieurs n&rsquo;a jamais \u00e9t\u00e9 aussi simple. Nos vans et minibus spacieux peuvent accueillir confortablement votre famille ou votre groupe d&rsquo;amis avec tous leurs bagages. Pour la s\u00e9curit\u00e9 des plus petits, des si\u00e8ges auto sont disponibles sur demande. Pour vos excursions, transferts ou \u00e9v\u00e9nements, profitez d&rsquo;un v\u00e9hicule unique pour rester ensemble et partager des moments conviviaux.<\/p>\n<\/div>\n\n\n\n<div class=\"gb-element-5bbf9288\" style=\"--inline-bg-image: url(https:\/\/goldengatetoursmorocco.com\/wp-content\/uploads\/2025\/11\/hgu.webp)\"><\/div>\n<\/div>\n<\/section>\n\n\n\n<section>\n<div class=\"gb-element-a1d67b14\">\n<div class=\"gb-element-1ad1cc95\" style=\"--inline-bg-image: url(https:\/\/goldengatetoursmorocco.com\/wp-content\/uploads\/2025\/11\/0a087e61-51cf-4bf2-95f3-452766550490.jpeg)\"><\/div>\n\n\n\n<div class=\"gb-element-3b7f9210\">\n<h3 class=\"gb-text gb-text-cffab5e9\">Event Chauffeur Service<\/h3>\n\n\n\n<p>Pour vos occasions sp\u00e9ciales, offrez-vous un service de transport \u00e0 la hauteur de l&rsquo;\u00e9v\u00e9nement. Que ce soit pour un mariage, un anniversaire, une soir\u00e9e de gala ou un d\u00eener important, r\u00e9servez un v\u00e9hicule avec chauffeur pour quelques heures ou pour toute la nuit. Profitez pleinement de votre moment sans vous soucier du transport. Nous nous chargeons de vos d\u00e9placements avec \u00e9l\u00e9gance et professionnalisme.<\/p>\n<\/div>\n<\/div>\n<\/section>","protected":false},"excerpt":{"rendered":"<p>Nos Services D\u00e9couvrez l&rsquo;ensemble de nos solutions de transport priv\u00e9 au Maroc, con\u00e7ues pour r\u00e9pondre \u00e0 chacun de vos besoins avec professionnalisme et flexibilit\u00e9. Chez Golden Gate Tours Morocco, chaque trajet est une promesse de confort, de s\u00e9curit\u00e9 et de ponctualit\u00e9. Transferts A\u00e9roport 24\/7 Commencez ou terminez votre voyage au Maroc en toute s\u00e9r\u00e9nit\u00e9. Nous &#8230; <a title=\"Services\" class=\"read-more\" href=\"https:\/\/goldengatetoursmorocco.com\/en\/services-de-transport-touristique-au-maroc\/\" aria-label=\"Read more about Services\">Read more<\/a><\/p>","protected":false},"author":1,"featured_media":0,"parent":0,"menu_order":0,"comment_status":"closed","ping_status":"closed","template":"","meta":{"footnotes":""},"class_list":["post-34","page","type-page","status-publish"],"_hostinger_reach_plugin_has_subscription_block":false,"_hostinger_reach_plugin_is_elementor":false,"_links":{"self":[{"href":"https:\/\/goldengatetoursmorocco.com\/en\/wp-json\/wp\/v2\/pages\/34","targetHints":{"allow":["GET"]}}],"collection":[{"href":"https:\/\/goldengatetoursmorocco.com\/en\/wp-json\/wp\/v2\/pages"}],"about":[{"href":"https:\/\/goldengatetoursmorocco.com\/en\/wp-json\/wp\/v2\/types\/page"}],"author":[{"embeddable":true,"href":"https:\/\/goldengatetoursmorocco.com\/en\/wp-json\/wp\/v2\/users\/1"}],"replies":[{"embeddable":true,"href":"https:\/\/goldengatetoursmorocco.com\/en\/wp-json\/wp\/v2\/comments?post=34"}],"version-history":[{"count":4,"href":"https:\/\/goldengatetoursmorocco.com\/en\/wp-json\/wp\/v2\/pages\/34\/revisions"}],"predecessor-version":[{"id":1374,"href":"https:\/\/goldengatetoursmorocco.com\/en\/wp-json\/wp\/v2\/pages\/34\/revisions\/1374"}],"wp:attachment":[{"href":"https:\/\/goldengatetoursmorocco.com\/en\/wp-json\/wp\/v2\/media?parent=34"}],"curies":[{"name":"wp","href":"https:\/\/api.w.org\/{rel}","templated":true}]}}