{"id":32,"date":"2021-11-18T21:40:49","date_gmt":"2021-11-18T21:40:49","guid":{"rendered":"https:\/\/driver.wordifysites.com\/?page_id=32"},"modified":"2025-11-14T19:20:50","modified_gmt":"2025-11-14T19:20:50","slug":"a-propos-societe-de-transport-touristique-maroc","status":"publish","type":"page","link":"https:\/\/goldengatetoursmorocco.com\/en\/a-propos-societe-de-transport-touristique-maroc\/","title":{"rendered":"about us"},"content":{"rendered":"<section class=\"gb-element-a28ac878\">\n<div class=\"gb-element-19180474\" style=\"--inline-bg-image: url(https:\/\/sites.generatepress.com\/driver\/wp-content\/uploads\/sites\/110\/2021\/11\/art-markiv-zAm1sdicGXc-unsplash.jpg)\">\n<div class=\"gb-element-28d4d685\">\n<p class=\"gb-text-75cb4211\"><span class=\"gb-shape\"><svg xmlns=\"http:\/\/www.w3.org\/2000\/svg\" viewbox=\"0 0 388.223 388.223\"><path d=\"M388.223 160.284h-22.944l-30-136.252H52.943l-30 136.252H0v139.15h20v64.756h100v-64.756h148.223v64.756h100v-64.756h20v-139.15zM30 269.435v-79.15h328.223v79.15H30zM77.057 54.032h234.109l23.395 106.252H53.662L77.057 54.032zM90 334.19H50v-34.756h40v34.756zm248.223 0h-40v-34.756h40v34.756z\"><\/path><path d=\"M49.575 214.859h40v30h-40zM298.648 214.859h40v30h-40z\"><\/path><\/svg><\/span><span class=\"gb-text\">Nos Chauffeurs : L&rsquo;\u00c2me de Notre Service<\/span><\/p>\n\n\n\n<p class=\"gb-text gb-text-336f6225\">Plus que des conducteurs, nos chauffeurs sont des professionnels exp\u00e9riment\u00e9s, courtois et discrets. Leur parfaite connaissance du Maroc et leur engagement pour votre s\u00e9curit\u00e9 vous garantissent un voyage serein et enrichissant.<\/p>\n\n\n\n<p class=\"gb-text gb-text-788eef01\"><a href=\"https:\/\/wa.me\/212664023329\" target=\"_blank\" data-type=\"link\" data-id=\"https:\/\/wa.me\/212664023329\" rel=\"noreferrer noopener\">CONTACTEZ-NOUS<\/a><\/p>\n<\/div>\n<\/div>\n\n\n\n<div class=\"gb-element-364f7283\">\n<p class=\"gb-text gb-text-5f67c72d\">NOTRE ENGAGEMENT QUALIT\u00c9<\/p>\n\n\n\n<h2 class=\"gb-text gb-text-03722aac\">L&rsquo;Excellence du Transport Priv\u00e9<\/h2>\n\n\n\n<p class=\"gb-text gb-text-549acb1f\">Chez Golden Gate Tours Morocco, notre mission est de transformer chaque trajet en une exp\u00e9rience m\u00e9morable. Nous nous engageons \u00e0 fournir un service qui allie ponctualit\u00e9, confort et une attention personnalis\u00e9e \u00e0 chaque client.<br><\/p>\n\n\n\n<div class=\"gb-element-819aacea\">\n<div class=\"gb-element-ec690ed8\">\n<div class=\"gb-element-32a886c4\">\n<div class=\"gb-text-aec88cab\"><span class=\"gb-shape\"><svg xmlns=\"http:\/\/www.w3.org\/2000\/svg\" viewbox=\"0 0 512 512\"><path d=\"M226.932 399.948c-19.96 18.445-47.567 22.576-72.053 10.786-8.852-4.263-16.322-10.149-22.17-17.199l-33.341 73.744c-1.517 3.355.177 5.884.975 6.815.798.93 3.039 2.989 6.585 2.003l24.272-6.756a31.036 31.036 0 0 1 8.319-1.14 30.93 30.93 0 0 1 27.849 17.492l10.962 22.685c1.601 3.315 4.604 3.646 5.854 3.621 1.226-.016 4.242-.414 5.758-3.769l53.033-117.304a39.793 39.793 0 0 0-16.043 9.022zM412.631 467.279l-33.341-73.744c-5.848 7.051-13.318 12.937-22.17 17.199-24.487 11.79-52.093 7.659-72.053-10.786a39.787 39.787 0 0 0-16.045-9.022l53.033 117.304c1.517 3.356 4.533 3.753 5.758 3.769 1.25.025 4.253-.306 5.854-3.621l10.962-22.685a30.928 30.928 0 0 1 27.849-17.492c2.757 0 5.554.371 8.319 1.14l24.272 6.756c3.546.987 5.788-1.072 6.585-2.003.8-.932 2.494-3.461.977-6.815z\"><\/path><path d=\"M438.821 207.791c-27.69-18.96-36.282-56.605-19.56-85.702 10.051-17.491 4.82-34.775-3.427-45.118-8.248-10.34-23.936-19.285-43.223-13.38-32.084 9.827-66.877-6.925-79.201-38.141C286.002 6.686 269.227 0 256 0c-13.227 0-30.002 6.686-37.41 25.451-12.324 31.217-47.114 47.967-79.201 38.141-19.289-5.904-34.974 3.039-43.223 13.38-8.247 10.343-13.478 27.625-3.427 45.118 16.722 29.096 8.13 66.742-19.56 85.702-16.646 11.399-19.431 29.24-16.489 42.136 2.942 12.896 13.194 27.761 33.137 30.808 33.174 5.068 57.248 35.256 54.809 68.727-1.468 20.121 10.745 33.423 22.662 39.163 11.918 5.739 29.932 6.995 44.748-6.698 12.322-11.387 28.141-17.083 43.953-17.083 15.818 0 31.628 5.693 43.952 17.083 14.818 13.694 32.833 12.438 44.75 6.698 11.917-5.739 24.129-19.041 22.662-39.162-2.439-33.471 21.635-63.659 54.809-68.728 19.943-3.047 30.193-17.913 33.137-30.808 2.943-12.898.156-30.739-16.488-42.137zM256 335.923c-72.575 0-131.619-59.044-131.619-131.619S183.424 72.684 256 72.684s131.619 59.044 131.619 131.619c-.001 72.575-59.044 131.62-131.619 131.62z\"><\/path><path d=\"M255.999 97.225c-59.044 0-107.079 48.036-107.079 107.079 0 59.043 48.034 107.079 107.079 107.079s107.079-48.036 107.079-107.079S315.043 97.225 255.999 97.225zm54.875 96.697-66.642 48.675a12.27 12.27 0 0 1-17.279-2.856l-19.934-28.382c-3.895-5.547-2.556-13.2 2.989-17.095 5.546-3.895 13.198-2.557 17.094 2.989l12.75 18.154 56.548-41.302c5.473-3.995 13.15-2.803 17.146 2.671 3.997 5.472 2.8 13.148-2.672 17.146z\"><\/path><\/svg><\/span><\/div>\n\n\n\n<div>\n<p class=\"gb-text gb-text-0be05fa0\"><strong>Service Haut de Gamme<\/strong><\/p>\n\n\n\n<p class=\"gb-text gb-text-6edf9552\">V\u00e9hicules modernes et impeccables pour un confort absolu.<\/p>\n<\/div>\n<\/div>\n<\/div>\n\n\n\n<div>\n<div class=\"gb-element-34884cdf\">\n<div class=\"gb-text-d6c9434b\"><span class=\"gb-shape\"><svg xmlns=\"http:\/\/www.w3.org\/2000\/svg\" viewbox=\"0 0 24 24\"><path d=\"M12 2C6.486 2 2 6.486 2 12v4.143C2 17.167 2.897 18 4 18h1a1 1 0 0 0 1-1v-5.143a1 1 0 0 0-1-1h-.908C4.648 6.987 7.978 4 12 4s7.352 2.987 7.908 6.857H19a1 1 0 0 0-1 1V18c0 1.103-.897 2-2 2h-2v-1h-4v3h6c2.206 0 4-1.794 4-4 1.103 0 2-.833 2-1.857V12c0-5.514-4.486-10-10-10z\"><\/path><\/svg><\/span><\/div>\n\n\n\n<div>\n<p class=\"gb-text gb-text-62fcdd68\"><strong>Assistance 24\/7<\/strong><\/p>\n\n\n\n<p class=\"gb-text gb-text-b2d5ccad\">Notre \u00e9quipe est \u00e0 votre \u00e9coute \u00e0 tout moment pour r\u00e9pondre \u00e0 vos besoins.<\/p>\n<\/div>\n<\/div>\n<\/div>\n\n\n\n<div>\n<div class=\"gb-element-ca98dccf\">\n<div class=\"gb-text-63df9db0\"><span class=\"gb-shape\"><svg xmlns=\"http:\/\/www.w3.org\/2000\/svg\" viewbox=\"0 0 128 128\"><path d=\"M86.5 38.1c8.4 0 15.2 6.8 15.2 15.2s-6.8 15.2-15.2 15.2-15.2-6.8-15.2-15.2 6.8-15.2 15.2-15.2zm19.1 34.3H70.9c-5 0-9.9.7-13.5 5.6-1.6 2.4-16 20.6-16 20.6H21.1c-3.6 0-6.6 3-6.6 6.6s3 6.6 6.6 6.6h23.1c1.7 0 3.4-.7 4.6-1.9l13.5-16.4c.4-.4.7-.6 1.3-.6 1.1 0 1.9.7 1.9 1.9v29.9h42V95.2c0-1.1.7-1.9 1.9-1.9 1.1 0 1.9.7 1.9 1.9v29.5h13.3V91.5c.1-10.5-8.5-19.1-19-19.1zM7.5 79.5v-2h24.7c-.4.7-.6 1.6-.8 2.3-.2 1.2-.1 2.2.2 3.2l-20.7-.1c-1.9 0-3.4-1.5-3.4-3.4m27.3-44.6c0 3.5-.1 34.9-.1 38.4H11.1L25.9 61l-.1-26.1h9M37.1 83h-1c-.6-.6-.8-1.5-.6-2.4.3-1.6 1.5-3 2-3.2.8-.3 1.4-1 1.4-1.9l.1-42.6c0-1.1-.9-2.1-2.1-2.1h-11V26c0-.8-.5-1.6-1.2-1.9s-1.7-.2-2.2.4L8 38.8c-2.6 2.5-4.5 7.3-4.5 10.8l-.2 29.9c0 4.2 3.4 7.6 7.5 7.6l26.2.1c1.1 0 2.1-.9 2.1-2.1 0-1.2-.8-2.1-2-2.1\"><\/path><\/svg><\/span><\/div>\n\n\n\n<div>\n<p class=\"gb-text gb-text-2ccc69c9\"><strong>Chauffeurs Exp\u00e9riment\u00e9s<\/strong><\/p>\n\n\n\n<p class=\"gb-text gb-text-e2cab511\">Des professionnels bilingues, fiables et experts des routes marocaines.<\/p>\n<\/div>\n<\/div>\n<\/div>\n\n\n\n<div>\n<div class=\"gb-element-8f2c1fc4\">\n<div class=\"gb-text-5d506655\"><span class=\"gb-shape\"><svg xmlns=\"http:\/\/www.w3.org\/2000\/svg\" viewbox=\"0 0 448 512\" width=\"1em\" height=\"1em\" aria-hidden=\"true\"><path d=\"M148 288h-40c-6.6 0-12-5.4-12-12v-40c0-6.6 5.4-12 12-12h40c6.6 0 12 5.4 12 12v40c0 6.6-5.4 12-12 12zm108-12v-40c0-6.6-5.4-12-12-12h-40c-6.6 0-12 5.4-12 12v40c0 6.6 5.4 12 12 12h40c6.6 0 12-5.4 12-12zm96 0v-40c0-6.6-5.4-12-12-12h-40c-6.6 0-12 5.4-12 12v40c0 6.6 5.4 12 12 12h40c6.6 0 12-5.4 12-12zm-96 96v-40c0-6.6-5.4-12-12-12h-40c-6.6 0-12 5.4-12 12v40c0 6.6 5.4 12 12 12h40c6.6 0 12-5.4 12-12zm-96 0v-40c0-6.6-5.4-12-12-12h-40c-6.6 0-12 5.4-12 12v40c0 6.6 5.4 12 12 12h40c6.6 0 12-5.4 12-12zm192 0v-40c0-6.6-5.4-12-12-12h-40c-6.6 0-12 5.4-12 12v40c0 6.6 5.4 12 12 12h40c6.6 0 12-5.4 12-12zm96-260v352c0 26.5-21.5 48-48 48H48c-26.5 0-48-21.5-48-48V112c0-26.5 21.5-48 48-48h48V12c0-6.6 5.4-12 12-12h40c6.6 0 12 5.4 12 12v52h128V12c0-6.6 5.4-12 12-12h40c6.6 0 12 5.4 12 12v52h48c26.5 0 48 21.5 48 48zm-48 346V160H48v298c0 3.3 2.7 6 6 6h340c3.3 0 6-2.7 6-6z\" fill=\"currentColor\"><\/path><\/svg><\/span><\/div>\n\n\n\n<div>\n<p class=\"gb-text gb-text-09003aa6\"><strong>Flexibilit\u00e9 Totale<\/strong><\/p>\n\n\n\n<p class=\"gb-text gb-text-8d94c293\">Nous adaptons nos services \u00e0 votre emploi du temps et \u00e0 vos imp\u00e9ratifs.<\/p>\n<\/div>\n<\/div>\n<\/div>\n<\/div>\n\n\n\n<div class=\"gb-element-8cac3afb\">\n<a class=\"gb-text gb-text-4f1739b9\" href=\"https:\/\/goldengatetoursmorocco.com\/en\/services\/\"><strong>VOIR NOS SERVICES<\/strong><\/a>\n\n\n\n<a class=\"gb-text-dd6b0f93\" href=\"https:\/\/wa.me\/212664023329\" target=\"_blank\" rel=\"noopener\"><span class=\"gb-shape\"><svg aria-hidden=\"true\" role=\"img\" height=\"1em\" width=\"1em\" viewbox=\"0 0 448 512\" xmlns=\"http:\/\/www.w3.org\/2000\/svg\"><path fill=\"currentColor\" d=\"M380.9 97.1C339 55.1 283.2 32 223.9 32c-122.4 0-222 99.6-222 222 0 39.1 10.2 77.3 29.6 111L0 480l117.7-30.9c32.4 17.7 68.9 27 106.1 27h.1c122.3 0 224.1-99.6 224.1-222 0-59.3-25.2-115-67.1-157zm-157 341.6c-33.2 0-65.7-8.9-94-25.7l-6.7-4-69.8 18.3L72 359.2l-4.4-7c-18.5-29.4-28.2-63.3-28.2-98.2 0-101.7 82.8-184.5 184.6-184.5 49.3 0 95.6 19.2 130.4 54.1 34.8 34.9 56.2 81.2 56.1 130.5 0 101.8-84.9 184.6-186.6 184.6zm101.2-138.2c-5.5-2.8-32.8-16.2-37.9-18-5.1-1.9-8.8-2.8-12.5 2.8-3.7 5.6-14.3 18-17.6 21.8-3.2 3.7-6.5 4.2-12 1.4-32.6-16.3-54-29.1-75.5-66-5.7-9.8 5.7-9.1 16.3-30.3 1.8-3.7.9-6.9-.5-9.7-1.4-2.8-12.5-30.1-17.1-41.2-4.5-10.8-9.1-9.3-12.5-9.5-3.2-.2-6.9-.2-10.6-.2-3.7 0-9.7 1.4-14.8 6.9-5.1 5.6-19.4 19-19.4 46.3 0 27.3 19.9 53.7 22.6 57.4 2.8 3.7 39.1 59.7 94.8 83.8 35.2 15.2 49 16.5 66.6 13.9 10.7-1.6 32.8-13.4 37.4-26.4 4.6-13 4.6-24.1 3.2-26.4-1.3-2.5-5-3.9-10.5-6.6z\"><\/path><\/svg><\/span><span class=\"gb-text\"><strong>+212<\/strong>664023329<\/span><\/a>\n<\/div>\n<\/div>\n<\/section>\n\n\n\n<section class=\"gb-element-f3e8750f\">\n<div class=\"gb-element-5b52c8a9\">\n<p class=\"gb-text gb-text-9037d829\">LA SIMPLICIT\u00c9 AVANT TOUT<\/p>\n\n\n\n<h2 class=\"gb-text gb-text-ded72f10\">Votre Voyage en 3 \u00c9tapes Simples<\/h2>\n\n\n\n<p class=\"gb-text gb-text-fbf55202\">Organiser votre transport avec nous est simple, rapide et transparent. Nous nous occupons de tout pour que vous puissiez voyager l&rsquo;esprit tranquille.<\/p>\n\n\n\n<div class=\"gb-element-4f27cdce\"><div class=\"gb-container gb-container-c0fe4bc8\">\n\n<h2 class=\"gb-text gb-text-8089f3cd\">01<\/h2>\n\n\n\n<h3 class=\"gb-text gb-text-700df127\"><strong>Exprimez votre besoin<\/strong><\/h3>\n\n\n\n<p class=\"gb-text gb-text-6850bfed\">Contactez-nous via notre formulaire, WhatsApp ou par t\u00e9l\u00e9phone pour nous faire part de votre projet de voyage, qu&rsquo;il s&rsquo;agisse d&rsquo;un simple transfert ou d&rsquo;un circuit complet.<\/p>\n\n<\/div>\n\n<div class=\"gb-container gb-container-85082eb6\">\n\n<h2 class=\"gb-text gb-text-7a981131\">02<\/h2>\n\n\n\n<h3 class=\"gb-text gb-text-7d34f014\"><strong>Recevez votre offre sur mesure<\/strong><\/h3>\n\n\n\n<p class=\"gb-text gb-text-488aba87\">Notre \u00e9quipe vous enverra une proposition personnalis\u00e9e et transparente, incluant le v\u00e9hicule le mieux adapt\u00e9 et un tarif fixe, sans aucune surprise.<\/p>\n\n<\/div>\n\n<div class=\"gb-container gb-container-ddc3a646\">\n\n<h2 class=\"gb-text gb-text-cd59940a\">03<\/h2>\n\n\n\n<h3 class=\"gb-text gb-text-2eb9a24d\"><strong>Confirmez et profitez<\/strong><\/h3>\n\n\n\n<p class=\"gb-text gb-text-e325516f\">Une fois la r\u00e9servation confirm\u00e9e, votre chauffeur vous attendra au lieu et \u00e0 l&rsquo;heure convenus. Il ne vous reste plus qu&rsquo;\u00e0 vous installer confortablement et \u00e0 profiter du voyage.<\/p>\n\n<\/div><\/div>\n<\/div>\n<\/section>\n\n\n\n<section class=\"gb-element-2adcb41b\">\n<div class=\"gb-element-d9210fa3\"><\/div>\n\n\n\n<div class=\"gb-element-fcb80b4d\">\n<p class=\"gb-text gb-text-6f75e558\">NOTRE PHILOSOPHIE<\/p>\n\n\n\n<h2 class=\"gb-text gb-text-64b76f45\">Bienvenue \u00e0 Bord de l&rsquo;Exp\u00e9rience Golden Gate Tours<\/h2>\n\n\n\n<p class=\"gb-text gb-text-1358f1ac\">Nous croyons que le voyage commence d\u00e8s l&rsquo;instant o\u00f9 vous montez \u00e0 bord. C&rsquo;est pourquoi nous mettons un point d&rsquo;honneur \u00e0 incarner l&rsquo;hospitalit\u00e9 marocaine l\u00e9gendaire, en vous offrant bien plus qu&rsquo;un simple trajet : une exp\u00e9rience humaine, authentique et m\u00e9morable.<\/p>\n\n\n\n<div class=\"gb-element-64f9a677\">\n<div class=\"gb-element-8b42ff3c\">\n<div class=\"gb-element-ce6f999f\">\n<div class=\"gb-text-7586dca0\"><span class=\"gb-shape\"><svg xmlns=\"http:\/\/www.w3.org\/2000\/svg\" viewbox=\"0 0 512 512\"><path d=\"M226.932 399.948c-19.96 18.445-47.567 22.576-72.053 10.786-8.852-4.263-16.322-10.149-22.17-17.199l-33.341 73.744c-1.517 3.355.177 5.884.975 6.815.798.93 3.039 2.989 6.585 2.003l24.272-6.756a31.036 31.036 0 0 1 8.319-1.14 30.93 30.93 0 0 1 27.849 17.492l10.962 22.685c1.601 3.315 4.604 3.646 5.854 3.621 1.226-.016 4.242-.414 5.758-3.769l53.033-117.304a39.793 39.793 0 0 0-16.043 9.022zM412.631 467.279l-33.341-73.744c-5.848 7.051-13.318 12.937-22.17 17.199-24.487 11.79-52.093 7.659-72.053-10.786a39.787 39.787 0 0 0-16.045-9.022l53.033 117.304c1.517 3.356 4.533 3.753 5.758 3.769 1.25.025 4.253-.306 5.854-3.621l10.962-22.685a30.928 30.928 0 0 1 27.849-17.492c2.757 0 5.554.371 8.319 1.14l24.272 6.756c3.546.987 5.788-1.072 6.585-2.003.8-.932 2.494-3.461.977-6.815z\"><\/path><path d=\"M438.821 207.791c-27.69-18.96-36.282-56.605-19.56-85.702 10.051-17.491 4.82-34.775-3.427-45.118-8.248-10.34-23.936-19.285-43.223-13.38-32.084 9.827-66.877-6.925-79.201-38.141C286.002 6.686 269.227 0 256 0c-13.227 0-30.002 6.686-37.41 25.451-12.324 31.217-47.114 47.967-79.201 38.141-19.289-5.904-34.974 3.039-43.223 13.38-8.247 10.343-13.478 27.625-3.427 45.118 16.722 29.096 8.13 66.742-19.56 85.702-16.646 11.399-19.431 29.24-16.489 42.136 2.942 12.896 13.194 27.761 33.137 30.808 33.174 5.068 57.248 35.256 54.809 68.727-1.468 20.121 10.745 33.423 22.662 39.163 11.918 5.739 29.932 6.995 44.748-6.698 12.322-11.387 28.141-17.083 43.953-17.083 15.818 0 31.628 5.693 43.952 17.083 14.818 13.694 32.833 12.438 44.75 6.698 11.917-5.739 24.129-19.041 22.662-39.162-2.439-33.471 21.635-63.659 54.809-68.728 19.943-3.047 30.193-17.913 33.137-30.808 2.943-12.898.156-30.739-16.488-42.137zM256 335.923c-72.575 0-131.619-59.044-131.619-131.619S183.424 72.684 256 72.684s131.619 59.044 131.619 131.619c-.001 72.575-59.044 131.62-131.619 131.62z\"><\/path><path d=\"M255.999 97.225c-59.044 0-107.079 48.036-107.079 107.079 0 59.043 48.034 107.079 107.079 107.079s107.079-48.036 107.079-107.079S315.043 97.225 255.999 97.225zm54.875 96.697-66.642 48.675a12.27 12.27 0 0 1-17.279-2.856l-19.934-28.382c-3.895-5.547-2.556-13.2 2.989-17.095 5.546-3.895 13.198-2.557 17.094 2.989l12.75 18.154 56.548-41.302c5.473-3.995 13.15-2.803 17.146 2.671 3.997 5.472 2.8 13.148-2.672 17.146z\"><\/path><\/svg><\/span><\/div>\n\n\n\n<div>\n<p class=\"gb-text gb-text-9e6c0cc0\"><strong>Hospitalit\u00e9<\/strong><\/p>\n\n\n\n<p class=\"gb-text gb-text-7bbfc922\">Un accueil chaleureux et un service attentionn\u00e9.<\/p>\n<\/div>\n<\/div>\n<\/div>\n\n\n\n<div>\n<div class=\"gb-element-8cfb6ae4\">\n<div class=\"gb-text-8669d022\"><span class=\"gb-shape\"><svg aria-hidden=\"true\" role=\"img\" height=\"1em\" width=\"1em\" viewbox=\"0 0 384 512\" xmlns=\"http:\/\/www.w3.org\/2000\/svg\"><path fill=\"currentColor\" d=\"M97.12 362.63c-8.69-8.69-4.16-6.24-25.12-11.85-9.51-2.55-17.87-7.45-25.43-13.32L1.2 448.7c-4.39 10.77 3.81 22.47 15.43 22.03l52.69-2.01L105.56 507c8 8.44 22.04 5.81 26.43-4.96l52.05-127.62c-10.84 6.04-22.87 9.58-35.31 9.58-19.5 0-37.82-7.59-51.61-21.37zM382.8 448.7l-45.37-111.24c-7.56 5.88-15.92 10.77-25.43 13.32-21.07 5.64-16.45 3.18-25.12 11.85-13.79 13.78-32.12 21.37-51.62 21.37-12.44 0-24.47-3.55-35.31-9.58L252 502.04c4.39 10.77 18.44 13.4 26.43 4.96l36.25-38.28 52.69 2.01c11.62.44 19.82-11.27 15.43-22.03zM263 340c15.28-15.55 17.03-14.21 38.79-20.14 13.89-3.79 24.75-14.84 28.47-28.98 7.48-28.4 5.54-24.97 25.95-45.75 10.17-10.35 14.14-25.44 10.42-39.58-7.47-28.38-7.48-24.42 0-52.83 3.72-14.14-.25-29.23-10.42-39.58-20.41-20.78-18.47-17.36-25.95-45.75-3.72-14.14-14.58-25.19-28.47-28.98-27.88-7.61-24.52-5.62-44.95-26.41-10.17-10.35-25-14.4-38.89-10.61-27.87 7.6-23.98 7.61-51.9 0-13.89-3.79-28.72.25-38.89 10.61-20.41 20.78-17.05 18.8-44.94 26.41-13.89 3.79-24.75 14.84-28.47 28.98-7.47 28.39-5.54 24.97-25.95 45.75-10.17 10.35-14.15 25.44-10.42 39.58 7.47 28.36 7.48 24.4 0 52.82-3.72 14.14.25 29.23 10.42 39.59 20.41 20.78 18.47 17.35 25.95 45.75 3.72 14.14 14.58 25.19 28.47 28.98C104.6 325.96 106.27 325 121 340c13.23 13.47 33.84 15.88 49.74 5.82a39.676 39.676 0 0 1 42.53 0c15.89 10.06 36.5 7.65 49.73-5.82zM97.66 175.96c0-53.03 42.24-96.02 94.34-96.02s94.34 42.99 94.34 96.02-42.24 96.02-94.34 96.02-94.34-42.99-94.34-96.02z\"><\/path><\/svg><\/span><\/div>\n\n\n\n<div>\n<p class=\"gb-text gb-text-c57a8bd8\"><strong>Fiabilit\u00e9<\/strong><\/p>\n\n\n\n<p class=\"gb-text gb-text-e68e34e7\">Un engagement total pour la ponctualit\u00e9 et la parole donn\u00e9e.<\/p>\n<\/div>\n<\/div>\n<\/div>\n\n\n\n<div>\n<div class=\"gb-element-4271fff2\">\n<div class=\"gb-text-e4e30880\"><span class=\"gb-shape\"><svg aria-hidden=\"true\" role=\"img\" height=\"1em\" width=\"1em\" viewbox=\"0 0 512 512\" xmlns=\"http:\/\/www.w3.org\/2000\/svg\"><path fill=\"currentColor\" d=\"M504 256c0 136.967-111.033 248-248 248S8 392.967 8 256 119.033 8 256 8s248 111.033 248 248zM227.314 387.314l184-184c6.248-6.248 6.248-16.379 0-22.627l-22.627-22.627c-6.248-6.249-16.379-6.249-22.628 0L216 308.118l-70.059-70.059c-6.248-6.248-16.379-6.248-22.628 0l-22.627 22.627c-6.248 6.248-6.248 16.379 0 22.627l104 104c6.249 6.249 16.379 6.249 22.628.001z\"><\/path><\/svg><\/span><\/div>\n\n\n\n<div>\n<p class=\"gb-text gb-text-8d49994b\"><strong>S\u00e9curit\u00e9<\/strong><\/p>\n\n\n\n<p class=\"gb-text gb-text-07397c44\">Votre bien-\u00eatre est notre priorit\u00e9 absolue \u00e0 chaque kilom\u00e8tre.<\/p>\n<\/div>\n<\/div>\n<\/div>\n\n\n\n<div>\n<div class=\"gb-element-0e8fb46a\">\n<div class=\"gb-text-6020c8b0\"><span class=\"gb-shape\"><svg aria-hidden=\"true\" role=\"img\" height=\"1em\" width=\"1em\" viewbox=\"0 0 512 512\" xmlns=\"http:\/\/www.w3.org\/2000\/svg\"><path fill=\"currentColor\" d=\"M256 8C119.033 8 8 119.033 8 256s111.033 248 248 248 248-111.033 248-248S392.967 8 256 8zm0 48c110.532 0 200 89.451 200 200 0 110.532-89.451 200-200 200-110.532 0-200-89.451-200-200 0-110.532 89.451-200 200-200m140.204 130.267l-22.536-22.718c-4.667-4.705-12.265-4.736-16.97-.068L215.346 303.697l-59.792-60.277c-4.667-4.705-12.265-4.736-16.97-.069l-22.719 22.536c-4.705 4.667-4.736 12.265-.068 16.971l90.781 91.516c4.667 4.705 12.265 4.736 16.97.068l172.589-171.204c4.704-4.668 4.734-12.266.067-16.971z\"><\/path><\/svg><\/span><\/div>\n\n\n\n<div>\n<p class=\"gb-text gb-text-4d0c4385\"><strong>Confort<\/strong><\/p>\n\n\n\n<p class=\"gb-text gb-text-9647f1b8\">Une flotte de qualit\u00e9 pour que chaque voyage soit un plaisir.<\/p>\n<\/div>\n<\/div>\n<\/div>\n<\/div>\n<\/div>\n<\/section>","protected":false},"excerpt":{"rendered":"<p>Nos Chauffeurs : L&rsquo;\u00c2me de Notre Service Plus que des conducteurs, nos chauffeurs sont des professionnels exp\u00e9riment\u00e9s, courtois et discrets. Leur parfaite connaissance du Maroc et leur engagement pour votre s\u00e9curit\u00e9 vous garantissent un voyage serein et enrichissant. CONTACTEZ-NOUS NOTRE ENGAGEMENT QUALIT\u00c9 L&rsquo;Excellence du Transport Priv\u00e9 Chez Golden Gate Tours Morocco, notre mission est de &#8230; <a title=\"about us\" class=\"read-more\" href=\"https:\/\/goldengatetoursmorocco.com\/en\/a-propos-societe-de-transport-touristique-maroc\/\" aria-label=\"Read more about \u00c0 Propos\">Read more<\/a><\/p>","protected":false},"author":1,"featured_media":0,"parent":0,"menu_order":0,"comment_status":"closed","ping_status":"closed","template":"","meta":{"footnotes":""},"class_list":["post-32","page","type-page","status-publish"],"_hostinger_reach_plugin_has_subscription_block":false,"_hostinger_reach_plugin_is_elementor":false,"_links":{"self":[{"href":"https:\/\/goldengatetoursmorocco.com\/en\/wp-json\/wp\/v2\/pages\/32","targetHints":{"allow":["GET"]}}],"collection":[{"href":"https:\/\/goldengatetoursmorocco.com\/en\/wp-json\/wp\/v2\/pages"}],"about":[{"href":"https:\/\/goldengatetoursmorocco.com\/en\/wp-json\/wp\/v2\/types\/page"}],"author":[{"embeddable":true,"href":"https:\/\/goldengatetoursmorocco.com\/en\/wp-json\/wp\/v2\/users\/1"}],"replies":[{"embeddable":true,"href":"https:\/\/goldengatetoursmorocco.com\/en\/wp-json\/wp\/v2\/comments?post=32"}],"version-history":[{"count":5,"href":"https:\/\/goldengatetoursmorocco.com\/en\/wp-json\/wp\/v2\/pages\/32\/revisions"}],"predecessor-version":[{"id":1377,"href":"https:\/\/goldengatetoursmorocco.com\/en\/wp-json\/wp\/v2\/pages\/32\/revisions\/1377"}],"wp:attachment":[{"href":"https:\/\/goldengatetoursmorocco.com\/en\/wp-json\/wp\/v2\/media?parent=32"}],"curies":[{"name":"wp","href":"https:\/\/api.w.org\/{rel}","templated":true}]}}